{"id":2696,"date":"2025-04-12T16:56:22","date_gmt":"2025-04-12T08:56:22","guid":{"rendered":"https:\/\/fotonmedix.com\/?page_id=2696"},"modified":"2026-04-10T11:08:20","modified_gmt":"2026-04-10T03:08:20","slug":"sportverletzungen","status":"publish","type":"page","link":"https:\/\/fotonmedix.com\/de\/sportverletzungen\/","title":{"rendered":"Sportverletzungen"},"content":{"rendered":"<section class=\"wp-block-themepark-block-themepark-area block_layout thempark-block undefined bom100 top100\" id=\"\" style=\"padding-top:258px;height:600px;box-sizing: border-box;width: 100%;\" data-swiper-parallax=\"-700\"><div class=\"block_layout_in\" style=\"\">\n<div class=\"wp-block-column block_layout_in is-layout-flow wp-block-column-is-layout-flow\">\n<h2 class=\"wp-block-heading has-text-align-center has-monte-white-color has-text-color has-large-font-size\"><span style=\"color: rgb(209, 213, 219); font-family: S\u00f6hne, ui-sans-serif, system-ui, -apple-system, &quot;Segoe UI&quot;, Roboto, Ubuntu, Cantarell, &quot;Noto Sans&quot;, sans-serif, &quot;Helvetica Neue&quot;, Arial, &quot;Apple Color Emoji&quot;, &quot;Segoe UI Emoji&quot;, &quot;Segoe UI Symbol&quot;, &quot;Noto Color Emoji&quot;; font-size: 16px; font-style: normal; font-variant-ligatures: normal; font-variant-caps: normal; font-weight: 400; letter-spacing: normal; orphans: 2; text-align: left; text-indent: 0px; text-transform: none; widows: 2; word-spacing: 0px; -webkit-text-stroke-width: 0px; white-space: pre-wrap; background-color: rgb(68, 70, 84); text-decoration-thickness: initial; text-decoration-style: initial; text-decoration-color: initial; display: inline !important; float: none;\"><\/span>SPORTVERLETZUNGEN<\/h2>\n\n\n\n<p class=\"has-text-align-center has-monte-white-color has-text-color has-normal-font-size\" style=\"text-transform:capitalize\">Entz\u00fcndungshemmend\u4e28Schmerzlinderung\u4e28Pro-Heilung\u4e28Reduzierung von Schwellungen<\/p>\n\n\n\n<p class=\"has-text-align-center has-monte-white-color has-text-color has-normal-font-size\" style=\"text-transform:capitalize\"><\/p>\n<\/div>\n<\/div><div class=\"layout_badh\"><div class=\"shizhezhao\" style=\"opacity:0.2;background-color:#000000;\"><\/div><div class=\"PcOnly themepark-block_layout_ba lazyload swiper-lazy  jttj\" style=\"background-repeat:no-repeat;background-size:cover;background-position:center;\" data-background=\"https:\/\/fotonmedix.com\/wp-content\/uploads\/2026\/04\/Physiotherapy-Laser-1.png\"><\/div><div class=\"MovePnly themepark-block_layout_ba lazyload swiper-move-lazy jttj\" style=\"background-repeat:no-repeat;background-size:cover;background-position:center;\" data-background=\"https:\/\/fotonmedix.com\/wp-content\/uploads\/2026\/04\/Physiotherapy-Laser-1.png\"><\/div><\/div><\/section>\n\n\n\n<section class=\"wp-block-themepark-block-themepark-area block_layout thempark-block undefined\" id=\"\" style=\"background-color:#ffffff;padding-bottom:53px;padding-top:61px;\" data-swiper-parallax=\"-700\"><div class=\"block_layout_in\" style=\"\">\n<div class=\"wp-block-column block_layout_in is-layout-flow wp-block-column-is-layout-flow\">\n<section class=\"wp-block-themepark-block-themepark-imgtext thempark-block themepark_imgtext leftright moveupd  undefined nohover\" style=\"padding-bottom:63px;\"><div class=\"themepark_imgtext_img\" style=\"width:49%;margin:0;border-radius:31px;\" data-swiper-parallax=\"-1800\"><img class=\"lazyload  swiper-lazy swiper-move-lazy\" style=\"\" data-src=\"https:\/\/fotonmedix.com\/wp-content\/uploads\/2025\/04\/case1-5.png\" alt=\"\"\/><\/div><div class=\"themepark_imgtext_text\" style=\"width:51%;margin:0;padding-right:46px;\" data-swiper-parallax=\"-1600\">\n<div class=\"wp-block-column is-layout-flow wp-block-column-is-layout-flow\">\n<div class=\"wp-block-themepark-block-themepark-wright content-super-p\" style=\"font-size:16px;line-height:37px;padding:10px 8px;\">\n<div class=\"wp-block-column is-layout-flow wp-block-column-is-layout-flow\">\n<h1 class=\"wp-block-heading has-text-align-left has-large-font-size\" id=\"homemd1\" style=\"text-transform:uppercase\">Sport-Physiotherapie<\/h1>\n\n\n\n<p style=\"font-size:20px;letter-spacing:0px\"><strong>Grunds\u00e4tze der Lasertherapie<\/strong><\/p>\n\n\n\n<div class=\"wp-block-themepark-block-themepark-xian theme_fang_out\" style=\"text-align:left;\"><div class=\"fangbox\" style=\"width:50px;height:6px;background-color:#0693e3;\"><\/div><\/div>\n\n\n\n<p>Die Hochenergie-Lasertherapie wirkt entz\u00fcndungshemmend, schmerzlindernd und f\u00f6rdert die Wundheilung. Die Forschung zeigt, dass sie eine breite Palette von Anwendungen im Bereich der sportlichen Rehabilitation hat. So kann sie zum Beispiel die kurzfristigen Schmerzen eines Tennisarms wirksam lindern und zur Verbesserung der Funktion beitragen. Es kann auch zur Behandlung von Achillessehnenentz\u00fcndungen eingesetzt werden, was f\u00fcr die Rehabilitation von Sehnen und Knochen von gro\u00dfem Nutzen ist.<\/p>\n<\/div>\n<\/div>\n<\/div>\n<\/div><div class=\"themepark_imgtext_ba\" style=\"opacity:1;\"><\/div><\/section>\n\n\n\n<section class=\"wp-block-themepark-block-themepark-imgtext thempark-block themepark_imgtext moveupd  undefined nohover\" style=\"padding-bottom:1px;padding-top:18px;\"><div class=\"themepark_imgtext_img\" style=\"width:50%;margin:0;text-align:left;border-radius:33px;\" data-swiper-parallax=\"-1800\"><img class=\"lazyload  swiper-lazy swiper-move-lazy\" style=\"\" data-src=\"https:\/\/fotonmedix.com\/wp-content\/uploads\/2025\/04\/case2-3.png\" alt=\"\"\/><\/div><div class=\"themepark_imgtext_text\" style=\"width:50%;margin:0;text-align:left;padding-left:8px;\" data-swiper-parallax=\"-1600\">\n<div class=\"wp-block-column is-layout-flow wp-block-column-is-layout-flow\">\n<div class=\"wp-block-themepark-block-themepark-wright content-super-p\" style=\"font-size:16px;line-height:37px;padding:10px 42px;\">\n<div class=\"wp-block-column is-layout-flow wp-block-column-is-layout-flow\">\n<h1 class=\"wp-block-heading has-text-align-left has-large-font-size\" id=\"homemd1\" style=\"text-transform:uppercase\">INDIKATIONEN:<\/h1>\n\n\n\n<p><\/p>\n\n\n\n<div class=\"wp-block-themepark-block-themepark-xian theme_fang_out\" style=\"text-align:left;\"><div class=\"fangbox\" style=\"width:50px;height:6px;background-color:#0693e3;\"><\/div><\/div>\n\n\n\n<section class=\"wp-block-themepark-block-themepark-listbox thempark-block themepark_listbox\" style=\"padding-top:11px;text-align:left;\"><ul class=\"themepark_listbox_list\" style=\"padding-left:2%;padding-right:2%;\"><li style=\"font-size:16px;line-height:26px;margin-bottom:3px;padding-left:31px;\"><i class=\"fas fa-check-circle\" style=\"line-height:26px\"><\/i><span>Verstauchungen<\/span><\/li><li style=\"font-size:16px;line-height:26px;margin-bottom:3px;padding-left:31px;\"><i class=\"fas fa-check-circle\" style=\"line-height:26px\"><\/i><span>St\u00e4mme<\/span><\/li><li style=\"font-size:16px;line-height:26px;margin-bottom:3px;padding-left:31px;\"><i class=\"fas fa-check-circle\" style=\"line-height:26px\"><\/i><span>Prellungen<\/span><\/li><li style=\"font-size:16px;line-height:26px;margin-bottom:3px;padding-left:31px;\"><i class=\"fas fa-check-circle\" style=\"line-height:26px\"><\/i><span>Tenosynovitis<\/span><\/li><li style=\"font-size:16px;line-height:26px;margin-bottom:3px;padding-left:31px;\"><i class=\"fas fa-check-circle\" style=\"line-height:26px\"><\/i><span>Golfer-Ellenbogen<\/span><\/li><li style=\"font-size:16px;line-height:26px;margin-bottom:3px;padding-left:31px;\"><i class=\"fas fa-check-circle\" style=\"line-height:26px\"><\/i><span>Muskelkr\u00e4mpfe<\/span><\/li><li style=\"font-size:16px;line-height:26px;margin-bottom:3px;padding-left:31px;\"><i class=\"fas fa-check-circle\" style=\"line-height:26px\"><\/i><span>B\u00e4nderverletzungen<\/span><\/li><li style=\"font-size:16px;line-height:26px;margin-bottom:3px;padding-left:31px;\"><i class=\"fas fa-check-circle\" style=\"line-height:26px\"><\/i><span>Plantarfasziitis<\/span><\/li><li style=\"font-size:16px;line-height:26px;margin-bottom:3px;padding-left:31px;\"><i class=\"fas fa-check-circle\" style=\"line-height:26px\"><\/i><span>Tennisarm<\/span><\/li><\/ul><div class=\"themepark_listbox_ba\" style=\"opacity:1;\"><\/div><\/section>\n<\/div>\n<\/div>\n<\/div>\n<\/div><div class=\"themepark_imgtext_ba\" style=\"opacity:1;\"><\/div><\/section>\n<\/div>\n<\/div><div class=\"layout_badh\"><div class=\"shizhezhao\" style=\"opacity:0.59;background-color:#ffffff;\"><\/div><div class=\"PcOnly themepark-block_layout_ba lazyload swiper-lazy\" style=\"background-repeat:no-repeat;background-size:cover;\" data-background=\"https:\/\/fotonmedix.com\/wp-content\/uploads\/2023\/10\/15276012_5570869-scaled-1.jpg\"><\/div><div class=\"MovePnly themepark-block_layout_ba lazyload swiper-move-lazy\" style=\"background-repeat:no-repeat;background-size:cover;\" data-background=\"https:\/\/fotonmedix.com\/wp-content\/uploads\/2023\/10\/15276012_5570869-scaled-1.jpg\"><\/div><\/div><\/section>\n\n\n\n<section class=\"wp-block-themepark-block-themepark-area block_layout thempark-block undefined\" id=\"\" style=\"padding-bottom:53px;padding-top:36px;\" data-swiper-parallax=\"-700\"><div class=\"block_layout_in\" style=\"max-width:1270px;\">\n<div class=\"wp-block-column block_layout_in is-layout-flow wp-block-column-is-layout-flow\">\n<div class=\"wp-block-themepark-block-themepark-wright content-super-p\" style=\"font-size:16px;line-height:41px;padding:10px 8px;\">\n<div class=\"wp-block-column is-layout-flow wp-block-column-is-layout-flow\">\n<h1 class=\"wp-block-heading has-text-align-center has-bonkers-font-size\" id=\"homemd1\" style=\"text-transform:uppercase\">Patientenfall<\/h1>\n\n\n\n<p><\/p>\n\n\n\n<div class=\"wp-block-themepark-block-themepark-xian theme_fang_out\" style=\"text-align:center;\"><div class=\"fangbox\" style=\"width:96px;height:6px;background-color:#0693e3;\"><\/div><\/div>\n<\/div>\n<\/div>\n\n\n\n<section class=\"wp-block-themepark-block-themepark-imgtext thempark-block themepark_imgtext moveupd  undefined nohover\" style=\"padding-bottom:63px;\"><div class=\"themepark_imgtext_img\" style=\"width:37%;margin:0;border-radius:26px;\" data-swiper-parallax=\"-1800\"><img class=\"lazyload  swiper-lazy swiper-move-lazy\" style=\"\" data-src=\"https:\/\/fotonmedix.com\/wp-content\/uploads\/2025\/04\/case4.png\" alt=\"\"\/><\/div><div class=\"themepark_imgtext_text\" style=\"width:63%;margin:0;\" data-swiper-parallax=\"-1600\">\n<div class=\"wp-block-column is-layout-flow wp-block-column-is-layout-flow\">\n<div class=\"wp-block-themepark-block-themepark-wright content-super-p\" style=\"font-size:16px;line-height:37px;padding:10px 8px;\">\n<div class=\"wp-block-column is-layout-flow wp-block-column-is-layout-flow\">\n<p style=\"font-size:33px\"><strong>Postoperative Humerusfraktur<\/strong><\/p>\n\n\n\n<p class=\"has-text-align-left\">ein 21-j\u00e4hriger Mann ist beim Reiten vom Pferd gest\u00fcrzt und hat sich dabei eine distale Humerusfraktur zugezogen, postoperative Untersuchung zur Rekonstruktion.<\/p>\n\n\n\n<p><\/p>\n\n\n\n<div class=\"wp-block-themepark-block-themepark-xian theme_fang_out\" style=\"text-align:left;\"><div class=\"fangbox\" style=\"width:50px;height:6px;background-color:#0693e3;\"><\/div><\/div>\n\n\n\n<p><strong>Bewertung und Pr\u00fcfung:<\/strong><\/p>\n\n\n\n<p>1. eingeschr\u00e4nkter Beugewinkel des Ellenbogens<\/p>\n\n\n\n<p>2. Muskelschwund der oberen Gliedma\u00dfen<\/p>\n\n\n\n<p>3. Narbenverklebungen<\/p>\n\n\n\n<p><strong>Behandlungsplan:<\/strong> Manipulation zur Lockerung der kontraktilen Muskelgruppe in der N\u00e4he des Ellenbogengelenks, Gelenklockerung mit physikalischer Hochenergie-Laserbehandlung zur F\u00f6rderung der passiven Beweglichkeit, vor allem in der Ellenbogengrube und auf der R\u00fcckseite der Narbe, mit elektrischer Stimulation zur Aktivierung der Beuge- und Streckmuskeln des Ellenbogens zur Erhaltung der aktiven Beweglichkeit.<\/p>\n\n\n\n<p><strong>Ergebnisse: <\/strong>Nach 4 Behandlungssitzungen verbesserte sich die Beweglichkeit der Ellbogenbeugung erheblich, und die Muskelkraft verbesserte sich nach dem Training.<\/p>\n\n\n\n<figure class=\"wp-block-image size-full\"><img loading=\"lazy\" decoding=\"async\" width=\"1105\" height=\"111\" src=\"https:\/\/fotonmedix.com\/wp-content\/uploads\/2025\/06\/p1-2.png\" alt=\"\" class=\"wp-image-6108\" srcset=\"https:\/\/fotonmedix.com\/wp-content\/uploads\/2025\/06\/p1-2.png 1105w, https:\/\/fotonmedix.com\/wp-content\/uploads\/2025\/06\/p1-2-300x30.png 300w, https:\/\/fotonmedix.com\/wp-content\/uploads\/2025\/06\/p1-2-1024x103.png 1024w, https:\/\/fotonmedix.com\/wp-content\/uploads\/2025\/06\/p1-2-768x77.png 768w, https:\/\/fotonmedix.com\/wp-content\/uploads\/2025\/06\/p1-2-18x2.png 18w\" sizes=\"auto, (max-width: 1105px) 100vw, 1105px\" \/><\/figure>\n<\/div>\n<\/div>\n<\/div>\n<\/div><div class=\"themepark_imgtext_ba\" style=\"opacity:1;\"><\/div><\/section>\n\n\n\n<div class=\"wp-block-themepark-block-themepark-xian theme_fang_out\" style=\"text-align:left;\"><div class=\"fangbox\" style=\"width:100%;height:2px;background-color:#0693e3;\"><\/div><\/div>\n\n\n\n<p><\/p>\n\n\n\n<section class=\"wp-block-themepark-block-themepark-imgtext thempark-block themepark_imgtext moveupd  undefined nohover\" style=\"padding-bottom:63px;\"><div class=\"themepark_imgtext_img\" style=\"width:37%;margin:0;border-radius:26px;\" data-swiper-parallax=\"-1800\"><img class=\"lazyload  swiper-lazy swiper-move-lazy\" style=\"\" data-src=\"https:\/\/fotonmedix.com\/wp-content\/uploads\/2025\/04\/case5.png\" alt=\"\"\/><\/div><div class=\"themepark_imgtext_text\" style=\"width:63%;margin:0;\" data-swiper-parallax=\"-1600\">\n<div class=\"wp-block-column is-layout-flow wp-block-column-is-layout-flow\">\n<div class=\"wp-block-themepark-block-themepark-wright content-super-p\" style=\"font-size:16px;line-height:37px;padding:10px 8px;\">\n<div class=\"wp-block-column is-layout-flow wp-block-column-is-layout-flow\">\n<p style=\"font-size:33px\"><strong>Br\u00fcche<\/strong><\/p>\n\n\n\n<p class=\"has-text-align-left\">M\u00e4nnlich, 28 Jahre alt, sportbegeistert<\/p>\n\n\n\n<p><\/p>\n\n\n\n<div class=\"wp-block-themepark-block-themepark-xian theme_fang_out\" style=\"text-align:left;\"><div class=\"fangbox\" style=\"width:50px;height:6px;background-color:#0693e3;\"><\/div><\/div>\n\n\n\n<p><\/p>\n\n\n\n<p><strong>Reklamation:<\/strong>Fingerbruch durch Sport verursacht, der Arzt sagte, es dauert in der Regel 6 Wochen zu erholen, wollen die Erholung zu beschleunigen.<\/p>\n\n\n\n<figure class=\"wp-block-image size-full\"><img loading=\"lazy\" decoding=\"async\" width=\"1128\" height=\"381\" src=\"https:\/\/fotonmedix.com\/wp-content\/uploads\/2025\/06\/p2.png\" alt=\"\" class=\"wp-image-6109\" srcset=\"https:\/\/fotonmedix.com\/wp-content\/uploads\/2025\/06\/p2.png 1128w, https:\/\/fotonmedix.com\/wp-content\/uploads\/2025\/06\/p2-300x101.png 300w, https:\/\/fotonmedix.com\/wp-content\/uploads\/2025\/06\/p2-1024x346.png 1024w, https:\/\/fotonmedix.com\/wp-content\/uploads\/2025\/06\/p2-768x259.png 768w, https:\/\/fotonmedix.com\/wp-content\/uploads\/2025\/06\/p2-18x6.png 18w\" sizes=\"auto, (max-width: 1128px) 100vw, 1128px\" \/><\/figure>\n<\/div>\n<\/div>\n<\/div>\n<\/div><div class=\"themepark_imgtext_ba\" style=\"opacity:1;\"><\/div><\/section>\n<\/div>\n<\/div><div class=\"layout_badh\"><\/div><\/section>\n\n\n\n<section class=\"wp-block-themepark-block-themepark-area block_layout thempark-block undefined\" id=\"\" style=\"padding-bottom:21px;\" data-swiper-parallax=\"-700\"><div class=\"block_layout_in\" style=\"max-width:1270px;\">\n<div class=\"wp-block-column block_layout_in is-layout-flow wp-block-column-is-layout-flow\">\n<div class=\"wp-block-themepark-block-themepark-wright content-super-p\" style=\"font-size:16px;line-height:41px;padding:10px 8px;\">\n<div class=\"wp-block-column is-layout-flow wp-block-column-is-layout-flow\">\n<h1 class=\"wp-block-heading has-text-align-center\" id=\"homemd1\" style=\"font-size:31px;text-transform:capitalize\"><mark style=\"background-color:rgba(0, 0, 0, 0)\" class=\"has-inline-color has-black-color\">Empfohlene Produkte<\/mark><\/h1>\n\n\n\n<p><\/p>\n\n\n\n<div class=\"wp-block-themepark-block-themepark-xian theme_fang_out\" style=\"text-align:center;\"><div class=\"fangbox\" style=\"width:96px;height:6px;background-color:#0693e3;\"><\/div><\/div>\n<\/div>\n<\/div>\n<\/div>\n<\/div><div class=\"layout_badh\"><\/div><\/section>\n\n\n<div class=\"product_loop  zhong  radius   mian_loop\" id=\"pro_list_3\"><div class=\"product_post   h_w\" ><a href=\"https:\/\/fotonmedix.com\/de\/lasermedix-plus.html\/\" class=\"product_pic postatty\" ><img loading=\"lazy\" decoding=\"async\" class=\"lazyload\" src=\"https:\/\/fotonmedix.com\/wp-content\/themes\/smartenterprise\/images\/loadings.png\" data-src=\"https:\/\/fotonmedix.com\/wp-content\/uploads\/2025\/04\/2-17.png\" width=\"800\" height=\"800\" alt=\"LaserMedix-Plus\" title=\"LaserMedix-Plus\"\/><\/a><div class=\"product_info\"><h3 class=\"pro_title\"><a href=\"https:\/\/fotonmedix.com\/de\/lasermedix-plus.html\/\">LaserMedix-Plus<\/a><\/h3><\/div><\/div><div class=\"product_post   h_w\" ><a href=\"https:\/\/fotonmedix.com\/de\/lasermedix4500u1.html\/\" class=\"product_pic postatty\" ><img loading=\"lazy\" decoding=\"async\" class=\"lazyload\" src=\"https:\/\/fotonmedix.com\/wp-content\/themes\/smartenterprise\/images\/loadings.png\" data-src=\"https:\/\/fotonmedix.com\/wp-content\/uploads\/2025\/04\/B2.png\" width=\"800\" height=\"800\" alt=\"LaserMedix-Pro\" title=\"LaserMedix-Pro\"\/><\/a><div class=\"product_info\"><h3 class=\"pro_title\"><a href=\"https:\/\/fotonmedix.com\/de\/lasermedix4500u1.html\/\">LaserMedix-Pro<\/a><\/h3><\/div><\/div><div class=\"product_post   h_w\" ><a href=\"https:\/\/fotonmedix.com\/de\/lasermedix3000u5.html\/\" class=\"product_pic postatty\" ><img loading=\"lazy\" decoding=\"async\" class=\"lazyload\" src=\"https:\/\/fotonmedix.com\/wp-content\/themes\/smartenterprise\/images\/loadings.png\" data-src=\"https:\/\/fotonmedix.com\/wp-content\/uploads\/2023\/10\/3-2.png\" width=\"800\" height=\"800\" alt=\"LaserMedix-Max\" title=\"LaserMedix-Max\"\/><\/a><div class=\"product_info\"><h3 class=\"pro_title\"><a href=\"https:\/\/fotonmedix.com\/de\/lasermedix3000u5.html\/\">LaserMedix-Max<\/a><\/h3><\/div><\/div><\/div>","protected":false},"excerpt":{"rendered":"","protected":false},"author":1,"featured_media":0,"parent":0,"menu_order":26,"comment_status":"open","ping_status":"closed","template":"","meta":{"themepark_post_bcolor":"#f5f5f5","themepark_post_width":"100%","themepark_post_img":"","themepark_post_img_po":"left","themepark_post_img_re":false,"themepark_post_img_cover":false,"themepark_post_img_fixed":false,"themepark_post_hide_title":true,"themepark_post_main_b":"","themepark_post_main_p":100,"themepark_paddingblock":true,"footnotes":"","_wpscp_schedule_draft_date":"","_wpscp_schedule_republish_date":"","_wpscppro_advance_schedule":false,"_wpscppro_advance_schedule_date":"","_wpscppro_dont_share_socialmedia":false,"_wpscppro_custom_social_share_image":0,"_facebook_share_type":"default","_twitter_share_type":"default","_linkedin_share_type":"default","_pinterest_share_type":"default","_linkedin_share_type_page":"default","_instagram_share_type":"default","_medium_share_type":"default","_threads_share_type":"default","_google_business_share_type":"default","_selected_social_profile":[],"_wpsp_enable_custom_social_template":false,"_wpsp_social_scheduling":{"enabled":false,"datetime":null,"platforms":[],"status":"template_only","dateOption":"today","timeOption":"now","customDays":"","customHours":"","customDate":"","customTime":"","schedulingType":"absolute"},"_wpsp_active_default_template":true},"class_list":["post-2696","page","type-page","status-publish","hentry"],"aioseo_notices":[],"_links":{"self":[{"href":"https:\/\/fotonmedix.com\/de\/wp-json\/wp\/v2\/pages\/2696","targetHints":{"allow":["GET"]}}],"collection":[{"href":"https:\/\/fotonmedix.com\/de\/wp-json\/wp\/v2\/pages"}],"about":[{"href":"https:\/\/fotonmedix.com\/de\/wp-json\/wp\/v2\/types\/page"}],"author":[{"embeddable":true,"href":"https:\/\/fotonmedix.com\/de\/wp-json\/wp\/v2\/users\/1"}],"replies":[{"embeddable":true,"href":"https:\/\/fotonmedix.com\/de\/wp-json\/wp\/v2\/comments?post=2696"}],"version-history":[{"count":37,"href":"https:\/\/fotonmedix.com\/de\/wp-json\/wp\/v2\/pages\/2696\/revisions"}],"predecessor-version":[{"id":12927,"href":"https:\/\/fotonmedix.com\/de\/wp-json\/wp\/v2\/pages\/2696\/revisions\/12927"}],"wp:attachment":[{"href":"https:\/\/fotonmedix.com\/de\/wp-json\/wp\/v2\/media?parent=2696"}],"curies":[{"name":"wp","href":"https:\/\/api.w.org\/{rel}","templated":true}]}}