{"id":3227,"date":"2025-04-15T15:26:26","date_gmt":"2025-04-15T07:26:26","guid":{"rendered":"http:\/\/fotonmedix.com\/?page_id=3227"},"modified":"2025-05-30T14:55:15","modified_gmt":"2025-05-30T06:55:15","slug":"neuropathische-schmerzen","status":"publish","type":"page","link":"https:\/\/fotonmedix.com\/de\/neuropathische-schmerzen\/","title":{"rendered":"Neuropathische Schmerzen"},"content":{"rendered":"<section class=\"wp-block-themepark-block-themepark-area block_layout thempark-block undefined bom100 top100\" id=\"\" style=\"padding-top:258px;height:600px;box-sizing: border-box;width: 100%;\" data-swiper-parallax=\"-700\"><div class=\"block_layout_in\" style=\"\">\n<div class=\"wp-block-column block_layout_in is-layout-flow wp-block-column-is-layout-flow\">\n<h2 class=\"wp-block-heading has-text-align-center has-monte-white-color has-text-color has-large-font-size\" style=\"text-transform:uppercase\">Neuropathische Schmerzen<\/h2>\n\n\n\n<p class=\"has-text-align-center has-monte-white-color has-text-color has-normal-font-size\" style=\"text-transform:capitalize\">Verbesserung des \u00dcberlebens der Neuronen\u4e28f\u00f6rdern die Neurogenese\u4e28verringern die Entz\u00fcndung des Gehirns\u4e28verbessern den zerebralen Blutfluss<\/p>\n<\/div>\n<\/div><div class=\"layout_badh\"><div class=\"shizhezhao\" style=\"opacity:0.2;background-color:#000000;\"><\/div><div class=\"PcOnly themepark-block_layout_ba lazyload swiper-lazy  jttj\" style=\"background-repeat:no-repeat;background-size:cover;background-position:center;\" data-background=\"https:\/\/fotonmedix.com\/wp-content\/uploads\/2025\/05\/Physiotherapy2.jpg\"><\/div><div class=\"MovePnly themepark-block_layout_ba lazyload swiper-move-lazy jttj\" style=\"background-repeat:no-repeat;background-size:cover;background-position:center;\" data-background=\"https:\/\/fotonmedix.com\/wp-content\/uploads\/2025\/05\/Physiotherapy2.jpg\"><\/div><\/div><\/section>\n\n\n\n<section class=\"wp-block-themepark-block-themepark-area block_layout thempark-block undefined\" id=\"\" style=\"background-color:#ffffff;padding-bottom:53px;padding-top:61px;\" data-swiper-parallax=\"-700\"><div class=\"block_layout_in\" style=\"\">\n<div class=\"wp-block-column block_layout_in is-layout-flow wp-block-column-is-layout-flow\">\n<section class=\"wp-block-themepark-block-themepark-imgtext thempark-block themepark_imgtext leftright moveupd  undefined nohover\" style=\"padding-bottom:63px;\"><div class=\"themepark_imgtext_img\" style=\"width:49%;margin:0;border-radius:31px;\" data-swiper-parallax=\"-1800\"><img class=\"lazyload  swiper-lazy swiper-move-lazy\" style=\"\" data-src=\"https:\/\/fotonmedix.com\/wp-content\/uploads\/2025\/04\/1-3.jpg\" alt=\"\"\/><\/div><div class=\"themepark_imgtext_text\" style=\"width:51%;margin:0;padding-right:46px;\" data-swiper-parallax=\"-1600\">\n<div class=\"wp-block-column is-layout-flow wp-block-column-is-layout-flow\">\n<div class=\"wp-block-themepark-block-themepark-wright content-super-p\" style=\"font-size:16px;line-height:37px;padding:10px 8px;\">\n<div class=\"wp-block-column is-layout-flow wp-block-column-is-layout-flow\">\n<h1 class=\"wp-block-heading has-text-align-left has-large-font-size\" id=\"homemd1\" style=\"text-transform:uppercase\">Neuropathische Schmerzen<\/h1>\n\n\n\n<p style=\"font-size:26px\">Grunds\u00e4tze der Lasertherapie<\/p>\n\n\n\n<div class=\"wp-block-themepark-block-themepark-xian theme_fang_out\" style=\"text-align:left;\"><div class=\"fangbox\" style=\"width:50px;height:6px;background-color:#0693e3;\"><\/div><\/div>\n\n\n\n<p>Das Gehirn macht nur etwa 2% des menschlichen K\u00f6rpergewichts aus, verbraucht aber 20% des gesamten Energiebedarfs des menschlichen K\u00f6rpers. Die Aktivit\u00e4ten des Gehirns sind auf eine kontinuierliche Energieversorgung in Form von ATP angewiesen, das zum gr\u00f6\u00dften Teil von den Mitochondrien produziert wird.<\/p>\n\n\n\n<p>Die Hochenergie-Lasertherapie kann die Zellatmung f\u00f6rdern, ATP erzeugen, den ROS-vermittelten Signalweg aktivieren, den antioxidativen Abwehrmechanismus verst\u00e4rken, anti-apoptotische und \u00fcberlebensf\u00f6rdernde Signale ausl\u00f6sen und dadurch die \u00dcberlebensrate der Neuronen erh\u00f6hen, die Neurogenese f\u00f6rdern, die Entz\u00fcndungsreaktion im Gehirn verringern, die Hirndurchblutung verbessern, Krankheiten wie Alzheimer, Parkinson und Depressionen lindern und dazu beitragen, die Schlafqualit\u00e4t zu verbessern, die kognitiven F\u00e4higkeiten zu steigern und den Ged\u00e4chtnisverfall zu verlangsamen usw.<\/p>\n<\/div>\n<\/div>\n<\/div>\n<\/div><div class=\"themepark_imgtext_ba\" style=\"opacity:1;\"><\/div><\/section>\n\n\n\n<section class=\"wp-block-themepark-block-themepark-imgtext thempark-block themepark_imgtext moveupd  undefined nohover\" style=\"padding-bottom:63px;\"><div class=\"themepark_imgtext_img\" style=\"width:48%;border-radius:29px;\" data-swiper-parallax=\"-1800\"><img class=\"lazyload  swiper-lazy swiper-move-lazy\" style=\"\" data-src=\"https:\/\/fotonmedix.com\/wp-content\/uploads\/2025\/04\/2-3.jpg\" alt=\"\"\/><\/div><div class=\"themepark_imgtext_text\" style=\"width:49%;padding-right:46px;\" data-swiper-parallax=\"-1600\">\n<div class=\"wp-block-column is-layout-flow wp-block-column-is-layout-flow\">\n<div class=\"wp-block-themepark-block-themepark-wright content-super-p\" style=\"font-size:16px;line-height:37px;padding:10px 8px;\">\n<div class=\"wp-block-column is-layout-flow wp-block-column-is-layout-flow\">\n<h1 class=\"wp-block-heading has-text-align-left has-large-font-size\" id=\"homemd1\" style=\"text-transform:uppercase\">INDIKATIONEN:<\/h1>\n\n\n\n<p><\/p>\n\n\n\n<div class=\"wp-block-themepark-block-themepark-xian theme_fang_out\" style=\"text-align:left;\"><div class=\"fangbox\" style=\"width:50px;height:6px;background-color:#0693e3;\"><\/div><\/div>\n\n\n\n<section class=\"wp-block-themepark-block-themepark-listbox thempark-block themepark_listbox\" style=\"padding-top:18px;text-align:left;\"><ul class=\"themepark_listbox_list\" style=\"padding-left:3%;padding-right:2%;\"><li style=\"font-size:15px;line-height:25px;margin-bottom:6px;padding-left:30px;\"><i class=\"fas fa-check-circle\" style=\"line-height:25px\"><\/i><span>Trigeminusneuralgie<\/span><\/li><li style=\"font-size:15px;line-height:25px;margin-bottom:6px;padding-left:30px;\"><i class=\"fas fa-check-circle\" style=\"line-height:25px\"><\/i><span>Gesichtsneuritis<\/span><\/li><li style=\"font-size:15px;line-height:25px;margin-bottom:6px;padding-left:30px;\"><i class=\"fas fa-check-circle\" style=\"line-height:25px\"><\/i><span>Ischias<\/span><\/li><li style=\"font-size:15px;line-height:25px;margin-bottom:6px;padding-left:30px;\"><i class=\"fas fa-check-circle\" style=\"line-height:25px\"><\/i><span>postherpetische Neuralgie<\/span><\/li><li style=\"font-size:15px;line-height:25px;margin-bottom:6px;padding-left:30px;\"><i class=\"fas fa-check-circle\" style=\"line-height:25px\"><\/i><span>Fazialisl\u00e4hmung<\/span><\/li><li style=\"font-size:15px;line-height:25px;margin-bottom:6px;padding-left:30px;\"><i class=\"fas fa-check-circle\" style=\"line-height:25px\"><\/i><span>zervikogener Kopfschmerz<\/span><\/li><li style=\"font-size:15px;line-height:25px;margin-bottom:6px;padding-left:30px;\"><i class=\"fas fa-check-circle\" style=\"line-height:25px\"><\/i><span>Kompression des Zervikalnervs<\/span><\/li><li style=\"font-size:15px;line-height:25px;margin-bottom:6px;padding-left:30px;\"><i class=\"fas fa-check-circle\" style=\"line-height:25px\"><\/i><span>Die Parkinsonsche Krankheit<\/span><\/li><\/ul><div class=\"themepark_listbox_ba\" style=\"opacity:1;\"><\/div><\/section>\n<\/div>\n<\/div>\n<\/div>\n<\/div><div class=\"themepark_imgtext_ba\" style=\"opacity:1;\"><\/div><\/section>\n<\/div>\n<\/div><div class=\"layout_badh\"><div class=\"shizhezhao\" style=\"opacity:0.59;background-color:#ffffff;\"><\/div><div class=\"PcOnly themepark-block_layout_ba lazyload swiper-lazy\" style=\"background-repeat:no-repeat;background-size:cover;\" data-background=\"https:\/\/fotonmedix.com\/wp-content\/uploads\/2023\/10\/15276012_5570869-scaled-1.jpg\"><\/div><div class=\"MovePnly themepark-block_layout_ba lazyload swiper-move-lazy\" style=\"background-repeat:no-repeat;background-size:cover;\" data-background=\"https:\/\/fotonmedix.com\/wp-content\/uploads\/2023\/10\/15276012_5570869-scaled-1.jpg\"><\/div><\/div><\/section>\n\n\n\n<section class=\"wp-block-themepark-block-themepark-area block_layout thempark-block undefined\" id=\"\" style=\"padding-bottom:53px;padding-top:36px;\" data-swiper-parallax=\"-700\"><div class=\"block_layout_in\" style=\"max-width:1270px;\">\n<div class=\"wp-block-column block_layout_in is-layout-flow wp-block-column-is-layout-flow\">\n<div class=\"wp-block-themepark-block-themepark-wright content-super-p\" style=\"font-size:16px;line-height:41px;padding:10px 8px;\">\n<div class=\"wp-block-column is-layout-flow wp-block-column-is-layout-flow\">\n<h1 class=\"wp-block-heading has-text-align-center has-bonkers-font-size\" id=\"homemd1\" style=\"text-transform:uppercase\">Patientenfall<\/h1>\n\n\n\n<p><\/p>\n\n\n\n<div class=\"wp-block-themepark-block-themepark-xian theme_fang_out\" style=\"text-align:center;\"><div class=\"fangbox\" style=\"width:96px;height:6px;background-color:#0693e3;\"><\/div><\/div>\n<\/div>\n<\/div>\n\n\n\n<section class=\"wp-block-themepark-block-themepark-imgtext thempark-block themepark_imgtext leftright moveupd  undefined nohover\" style=\"padding-bottom:63px;\"><div class=\"themepark_imgtext_img\" style=\"width:53%;margin:0;\" data-swiper-parallax=\"-1800\"><img class=\"lazyload  swiper-lazy swiper-move-lazy\" style=\"\" data-src=\"https:\/\/fotonmedix.com\/wp-content\/uploads\/2025\/04\/case1.png\" alt=\"\"\/><\/div><div class=\"themepark_imgtext_text\" style=\"width:47%;margin:0;padding-right:46px;\" data-swiper-parallax=\"-1600\">\n<div class=\"wp-block-column is-layout-flow wp-block-column-is-layout-flow\">\n<div class=\"wp-block-themepark-block-themepark-wright content-super-p\" style=\"font-size:16px;line-height:37px;padding:10px 8px;\">\n<div class=\"wp-block-column is-layout-flow wp-block-column-is-layout-flow\">\n<h1 class=\"wp-block-heading has-text-align-left\" id=\"homemd1\" style=\"font-size:30px;text-transform:uppercase\">Fazialisl\u00e4hmung<\/h1>\n\n\n\n<p><\/p>\n\n\n\n<div class=\"wp-block-themepark-block-themepark-xian theme_fang_out\" style=\"text-align:left;\"><div class=\"fangbox\" style=\"width:50px;height:6px;background-color:#0693e3;\"><\/div><\/div>\n\n\n\n<figure class=\"wp-block-image size-full\"><img loading=\"lazy\" decoding=\"async\" width=\"837\" height=\"314\" src=\"http:\/\/fotonmedix.com\/wp-content\/uploads\/2025\/04\/case1-1-1.png\" alt=\"\" class=\"wp-image-3123\" srcset=\"https:\/\/fotonmedix.com\/wp-content\/uploads\/2025\/04\/case1-1-1.png 837w, https:\/\/fotonmedix.com\/wp-content\/uploads\/2025\/04\/case1-1-1-300x113.png 300w, https:\/\/fotonmedix.com\/wp-content\/uploads\/2025\/04\/case1-1-1-768x288.png 768w\" sizes=\"auto, (max-width: 837px) 100vw, 837px\" \/><\/figure>\n<\/div>\n<\/div>\n<\/div>\n<\/div><div class=\"themepark_imgtext_ba\" style=\"opacity:1;\"><\/div><\/section>\n<\/div>\n<\/div><div class=\"layout_badh\"><\/div><\/section>\n\n\n\n<section class=\"wp-block-themepark-block-themepark-area block_layout thempark-block undefined\" id=\"\" style=\"padding-bottom:21px;\" data-swiper-parallax=\"-700\"><div class=\"block_layout_in\" style=\"max-width:1270px;\">\n<div class=\"wp-block-column block_layout_in is-layout-flow wp-block-column-is-layout-flow\">\n<div class=\"wp-block-themepark-block-themepark-wright content-super-p\" style=\"font-size:16px;line-height:41px;padding:10px 8px;\">\n<div class=\"wp-block-column is-layout-flow wp-block-column-is-layout-flow\">\n<h1 class=\"wp-block-heading has-text-align-center\" id=\"homemd1\" style=\"font-size:31px;text-transform:capitalize\"><mark style=\"background-color:rgba(0, 0, 0, 0)\" class=\"has-inline-color has-black-color\">Empfohlene Produkte<\/mark><\/h1>\n\n\n\n<p><\/p>\n\n\n\n<div class=\"wp-block-themepark-block-themepark-xian theme_fang_out\" style=\"text-align:center;\"><div class=\"fangbox\" style=\"width:96px;height:6px;background-color:#0693e3;\"><\/div><\/div>\n<\/div>\n<\/div>\n<\/div>\n<\/div><div class=\"layout_badh\"><\/div><\/section>\n\n\n<div class=\"product_loop  zhong  radius   mian_loop\" id=\"pro_list_3\"><div class=\"product_post   h_w\" ><a href=\"https:\/\/fotonmedix.com\/de\/lasermedix-plus.html\/\" class=\"product_pic postatty\" ><img loading=\"lazy\" decoding=\"async\" class=\"lazyload\" src=\"https:\/\/fotonmedix.com\/wp-content\/themes\/smartenterprise\/images\/loadings.png\" data-src=\"https:\/\/fotonmedix.com\/wp-content\/uploads\/2025\/04\/2-17.png\" width=\"800\" height=\"800\" alt=\"LaserMedix-Plus\" title=\"LaserMedix-Plus\"\/><\/a><div class=\"product_info\"><h3 class=\"pro_title\"><a href=\"https:\/\/fotonmedix.com\/de\/lasermedix-plus.html\/\">LaserMedix-Plus<\/a><\/h3><\/div><\/div><div class=\"product_post   h_w\" ><a href=\"https:\/\/fotonmedix.com\/de\/lasermedix4500u1.html\/\" class=\"product_pic postatty\" ><img loading=\"lazy\" decoding=\"async\" class=\"lazyload\" src=\"https:\/\/fotonmedix.com\/wp-content\/themes\/smartenterprise\/images\/loadings.png\" data-src=\"https:\/\/fotonmedix.com\/wp-content\/uploads\/2025\/04\/B2.png\" width=\"800\" height=\"800\" alt=\"LaserMedix-Pro\" title=\"LaserMedix-Pro\"\/><\/a><div class=\"product_info\"><h3 class=\"pro_title\"><a href=\"https:\/\/fotonmedix.com\/de\/lasermedix4500u1.html\/\">LaserMedix-Pro<\/a><\/h3><\/div><\/div><div class=\"product_post   h_w\" ><a href=\"https:\/\/fotonmedix.com\/de\/lasermedix3000u5.html\/\" class=\"product_pic postatty\" ><img loading=\"lazy\" decoding=\"async\" class=\"lazyload\" src=\"https:\/\/fotonmedix.com\/wp-content\/themes\/smartenterprise\/images\/loadings.png\" data-src=\"https:\/\/fotonmedix.com\/wp-content\/uploads\/2023\/10\/3-2.png\" width=\"800\" height=\"800\" alt=\"LaserMedix-Max\" title=\"LaserMedix-Max\"\/><\/a><div class=\"product_info\"><h3 class=\"pro_title\"><a href=\"https:\/\/fotonmedix.com\/de\/lasermedix3000u5.html\/\">LaserMedix-Max<\/a><\/h3><\/div><\/div><\/div>","protected":false},"excerpt":{"rendered":"","protected":false},"author":1,"featured_media":0,"parent":0,"menu_order":6,"comment_status":"open","ping_status":"closed","template":"","meta":{"themepark_post_bcolor":"#f5f5f5","themepark_post_width":"100%","themepark_post_img":"","themepark_post_img_po":"left","themepark_post_img_re":false,"themepark_post_img_cover":false,"themepark_post_img_fixed":false,"themepark_post_hide_title":true,"themepark_post_main_b":"","themepark_post_main_p":100,"themepark_paddingblock":true,"footnotes":"","_wpscp_schedule_draft_date":"","_wpscp_schedule_republish_date":"","_wpscppro_advance_schedule":false,"_wpscppro_advance_schedule_date":"","_wpscppro_dont_share_socialmedia":false,"_wpscppro_custom_social_share_image":0,"_facebook_share_type":"","_twitter_share_type":"","_linkedin_share_type":"","_pinterest_share_type":"","_linkedin_share_type_page":"","_instagram_share_type":"","_medium_share_type":"","_threads_share_type":"","_google_business_share_type":"","_selected_social_profile":[],"_wpsp_enable_custom_social_template":false,"_wpsp_social_scheduling":{"enabled":false,"datetime":null,"platforms":[],"status":"template_only","dateOption":"today","timeOption":"now","customDays":"","customHours":"","customDate":"","customTime":"","schedulingType":"absolute"},"_wpsp_active_default_template":true},"class_list":["post-3227","page","type-page","status-publish","hentry"],"aioseo_notices":[],"_links":{"self":[{"href":"https:\/\/fotonmedix.com\/de\/wp-json\/wp\/v2\/pages\/3227","targetHints":{"allow":["GET"]}}],"collection":[{"href":"https:\/\/fotonmedix.com\/de\/wp-json\/wp\/v2\/pages"}],"about":[{"href":"https:\/\/fotonmedix.com\/de\/wp-json\/wp\/v2\/types\/page"}],"author":[{"embeddable":true,"href":"https:\/\/fotonmedix.com\/de\/wp-json\/wp\/v2\/users\/1"}],"replies":[{"embeddable":true,"href":"https:\/\/fotonmedix.com\/de\/wp-json\/wp\/v2\/comments?post=3227"}],"version-history":[{"count":9,"href":"https:\/\/fotonmedix.com\/de\/wp-json\/wp\/v2\/pages\/3227\/revisions"}],"predecessor-version":[{"id":4608,"href":"https:\/\/fotonmedix.com\/de\/wp-json\/wp\/v2\/pages\/3227\/revisions\/4608"}],"wp:attachment":[{"href":"https:\/\/fotonmedix.com\/de\/wp-json\/wp\/v2\/media?parent=3227"}],"curies":[{"name":"wp","href":"https:\/\/api.w.org\/{rel}","templated":true}]}}