{"id":2750,"date":"2025-04-12T17:57:41","date_gmt":"2025-04-12T09:57:41","guid":{"rendered":"https:\/\/fotonmedix.com\/?page_id=2750"},"modified":"2025-05-30T15:00:28","modified_gmt":"2025-05-30T07:00:28","slug":"salud-equina","status":"publish","type":"page","link":"https:\/\/fotonmedix.com\/es\/salud-equina\/","title":{"rendered":"Salud equina"},"content":{"rendered":"<section class=\"wp-block-themepark-block-themepark-area block_layout thempark-block undefined bom100 top100\" id=\"\" style=\"padding-top:258px;height:600px;box-sizing: border-box;width: 100%;\" data-swiper-parallax=\"-700\"><div class=\"block_layout_in\" style=\"\">\n<div class=\"wp-block-column block_layout_in is-layout-flow wp-block-column-is-layout-flow\">\n<h2 class=\"wp-block-heading has-text-align-center has-monte-white-color has-text-color has-large-font-size\"><span style=\"color: rgb(209, 213, 219); font-family: S\u00f6hne, ui-sans-serif, system-ui, -apple-system, &quot;Segoe UI&quot;, Roboto, Ubuntu, Cantarell, &quot;Noto Sans&quot;, sans-serif, &quot;Helvetica Neue&quot;, Arial, &quot;Apple Color Emoji&quot;, &quot;Segoe UI Emoji&quot;, &quot;Segoe UI Symbol&quot;, &quot;Noto Color Emoji&quot;; font-size: 16px; font-style: normal; font-variant-ligatures: normal; font-variant-caps: normal; font-weight: 400; letter-spacing: normal; orphans: 2; text-align: left; text-indent: 0px; text-transform: none; widows: 2; word-spacing: 0px; -webkit-text-stroke-width: 0px; white-space: pre-wrap; background-color: rgb(68, 70, 84); text-decoration-thickness: initial; text-decoration-style: initial; text-decoration-color: initial; display: inline !important; float: none;\"><\/span>SALUD EQUINA<\/h2>\n\n\n\n<p class=\"has-text-align-center has-monte-white-color has-text-color has-normal-font-size\" style=\"text-transform:capitalize\">Antiinflamatorio Alivia el dolor Cicatrizante Reduce la hinchaz\u00f3n<\/p>\n\n\n\n<p class=\"has-text-align-center has-monte-white-color has-text-color has-normal-font-size\" style=\"text-transform:capitalize\"><\/p>\n<\/div>\n<\/div><div class=\"layout_badh\"><div class=\"shizhezhao\" style=\"opacity:0.64;background-color:#000000;\"><\/div><div class=\"PcOnly themepark-block_layout_ba lazyload swiper-lazy  jttj\" style=\"background-repeat:no-repeat;background-size:cover;background-position:center;\" data-background=\"https:\/\/fotonmedix.com\/wp-content\/uploads\/2025\/05\/\u9a6c\u53392.jpg\"><\/div><div class=\"MovePnly themepark-block_layout_ba lazyload swiper-move-lazy jttj\" style=\"background-repeat:no-repeat;background-size:cover;background-position:center;\" data-background=\"https:\/\/fotonmedix.com\/wp-content\/uploads\/2025\/05\/\u9a6c\u53392.jpg\"><\/div><\/div><\/section>\n\n\n\n<section class=\"wp-block-themepark-block-themepark-area block_layout thempark-block undefined\" id=\"\" style=\"background-color:#ffffff;padding-bottom:53px;padding-top:61px;\" data-swiper-parallax=\"-700\"><div class=\"block_layout_in\" style=\"\">\n<div class=\"wp-block-column block_layout_in is-layout-flow wp-block-column-is-layout-flow\">\n<section class=\"wp-block-themepark-block-themepark-imgtext thempark-block themepark_imgtext leftright moveupd  undefined nohover\" style=\"padding-bottom:63px;\"><div class=\"themepark_imgtext_img\" style=\"width:49%;margin:0;border-radius:31px;\" data-swiper-parallax=\"-1800\"><img class=\"lazyload  swiper-lazy swiper-move-lazy\" style=\"\" data-src=\"https:\/\/fotonmedix.com\/wp-content\/uploads\/2025\/04\/Equine-Health2.jpg\" alt=\"\"\/><\/div><div class=\"themepark_imgtext_text\" style=\"width:51%;margin:0;padding-right:46px;\" data-swiper-parallax=\"-1600\">\n<div class=\"wp-block-column is-layout-flow wp-block-column-is-layout-flow\">\n<div class=\"wp-block-themepark-block-themepark-wright content-super-p\" style=\"font-size:16px;line-height:37px;padding:10px 8px;\">\n<div class=\"wp-block-column is-layout-flow wp-block-column-is-layout-flow\">\n<h1 class=\"wp-block-heading has-text-align-left has-large-font-size\" id=\"homemd1\" style=\"text-transform:uppercase\">SALUD EQUINA<\/h1>\n\n\n\n<p style=\"font-size:20px;letter-spacing:0px\"><strong>Principios de la terapia l\u00e1ser<\/strong><\/p>\n\n\n\n<div class=\"wp-block-themepark-block-themepark-xian theme_fang_out\" style=\"text-align:left;\"><div class=\"fangbox\" style=\"width:50px;height:6px;background-color:#0693e3;\"><\/div><\/div>\n\n\n\n<p>La equinoterapia, tambi\u00e9n conocida como terapia asistida con caballos, ofrece m\u00faltiples ventajas terap\u00e9uticas. Ayuda a reducir los niveles de estr\u00e9s y ansiedad de los pacientes. Las investigaciones indican que tiene amplias aplicaciones en el \u00e1mbito de la salud mental y la rehabilitaci\u00f3n f\u00edsica. Por ejemplo, puede ayudar eficazmente a las personas con problemas de equilibrio y coordinaci\u00f3n, lo que es beneficioso para quienes se recuperan de lesiones neurol\u00f3gicas. Adem\u00e1s, puede contribuir a mejorar la fuerza muscular y la movilidad articular de los pacientes sometidos a rehabilitaci\u00f3n ortop\u00e9dica.<\/p>\n<\/div>\n<\/div>\n<\/div>\n<\/div><div class=\"themepark_imgtext_ba\" style=\"opacity:1;\"><\/div><\/section>\n\n\n\n<section class=\"wp-block-themepark-block-themepark-imgtext thempark-block themepark_imgtext moveupd  undefined nohover\" style=\"padding-bottom:1px;padding-top:18px;\"><div class=\"themepark_imgtext_img\" style=\"width:50%;margin:0;text-align:left;border-radius:33px;\" data-swiper-parallax=\"-1800\"><img class=\"lazyload  swiper-lazy swiper-move-lazy\" style=\"\" data-src=\"https:\/\/fotonmedix.com\/wp-content\/uploads\/2025\/04\/Equine-Health-1.jpg\" alt=\"\"\/><\/div><div class=\"themepark_imgtext_text\" style=\"width:50%;margin:0;text-align:left;padding-left:8px;\" data-swiper-parallax=\"-1600\">\n<div class=\"wp-block-column is-layout-flow wp-block-column-is-layout-flow\">\n<div class=\"wp-block-themepark-block-themepark-wright content-super-p\" style=\"font-size:16px;line-height:37px;padding:10px 42px;\">\n<div class=\"wp-block-column is-layout-flow wp-block-column-is-layout-flow\">\n<h1 class=\"wp-block-heading has-text-align-left has-large-font-size\" id=\"homemd1\" style=\"text-transform:uppercase\">INDICACIONES:<\/h1>\n\n\n\n<p><\/p>\n\n\n\n<div class=\"wp-block-themepark-block-themepark-xian theme_fang_out\" style=\"text-align:left;\"><div class=\"fangbox\" style=\"width:50px;height:6px;background-color:#0693e3;\"><\/div><\/div>\n\n\n\n<section class=\"wp-block-themepark-block-themepark-listbox thempark-block themepark_listbox\" style=\"padding-top:11px;text-align:left;\"><ul class=\"themepark_listbox_list\" style=\"padding-left:2%;padding-right:2%;\"><li style=\"font-size:15px;line-height:25px;margin-bottom:3px;padding-left:30px;\"><i class=\"fas fa-check-circle\" style=\"line-height:25px\"><\/i><span>Musculoesquel\u00e9tico<\/span><\/li><li style=\"font-size:15px;line-height:25px;margin-bottom:3px;padding-left:30px;\"><i class=\"fas fa-check-circle\" style=\"line-height:25px\"><\/i><span>Tend\u00f3n \/ Fascia<\/span><\/li><li style=\"font-size:15px;line-height:25px;margin-bottom:3px;padding-left:30px;\"><i class=\"fas fa-check-circle\" style=\"line-height:25px\"><\/i><span>Piel<\/span><\/li><li style=\"font-size:15px;line-height:25px;margin-bottom:3px;padding-left:30px;\"><i class=\"fas fa-check-circle\" style=\"line-height:25px\"><\/i><span>Cavidad oral \/ nasal<\/span><\/li><li style=\"font-size:15px;line-height:25px;margin-bottom:3px;padding-left:30px;\"><i class=\"fas fa-check-circle\" style=\"line-height:25px\"><\/i><span>T\u00f3rax \/ Abdomen<\/span><\/li><li style=\"font-size:15px;line-height:25px;margin-bottom:3px;padding-left:30px;\"><i class=\"fas fa-check-circle\" style=\"line-height:25px\"><\/i><span>Neurolog\u00eda<\/span><\/li><li style=\"font-size:15px;line-height:25px;margin-bottom:3px;padding-left:30px;\"><i class=\"fas fa-check-circle\" style=\"line-height:25px\"><\/i><span>Fractura<\/span><\/li><li style=\"font-size:15px;line-height:25px;margin-bottom:3px;padding-left:30px;\"><i class=\"fas fa-check-circle\" style=\"line-height:25px\"><\/i><span>Edema \/ Hinchaz\u00f3n<\/span><\/li><li style=\"font-size:15px;line-height:25px;margin-bottom:3px;padding-left:30px;\"><i class=\"fas fa-check-circle\" style=\"line-height:25px\"><\/i><span>Post quir\u00fargico<\/span><\/li><li style=\"font-size:15px;line-height:25px;margin-bottom:3px;padding-left:30px;\"><i class=\"fas fa-check-circle\" style=\"line-height:25px\"><\/i><span>Acupuntura<\/span><\/li><li style=\"font-size:15px;line-height:25px;margin-bottom:3px;padding-left:30px;\"><i class=\"fas fa-check-circle\" style=\"line-height:25px\"><\/i><span>Recuperaci\u00f3n de la fatiga<\/span><\/li><li style=\"font-size:15px;line-height:25px;margin-bottom:3px;padding-left:30px;\"><i class=\"fas fa-check-circle\" style=\"line-height:25px\"><\/i><span>Mejora del rendimiento muscular<\/span><\/li><li style=\"font-size:15px;line-height:25px;margin-bottom:3px;padding-left:30px;\"><i class=\"fas fa-check-circle\" style=\"line-height:25px\"><\/i><span>Prevenci\u00f3n y reparaci\u00f3n de microtraumatismos<\/span><\/li><\/ul><div class=\"themepark_listbox_ba\" style=\"opacity:1;\"><\/div><\/section>\n<\/div>\n<\/div>\n<\/div>\n<\/div><div class=\"themepark_imgtext_ba\" style=\"opacity:1;\"><\/div><\/section>\n<\/div>\n<\/div><div class=\"layout_badh\"><div class=\"shizhezhao\" style=\"opacity:0.59;background-color:#ffffff;\"><\/div><div class=\"PcOnly themepark-block_layout_ba lazyload swiper-lazy\" style=\"background-repeat:no-repeat;background-size:cover;\" data-background=\"https:\/\/fotonmedix.com\/wp-content\/uploads\/2023\/10\/15276012_5570869-scaled-1.jpg\"><\/div><div class=\"MovePnly themepark-block_layout_ba lazyload swiper-move-lazy\" style=\"background-repeat:no-repeat;background-size:cover;\" data-background=\"https:\/\/fotonmedix.com\/wp-content\/uploads\/2023\/10\/15276012_5570869-scaled-1.jpg\"><\/div><\/div><\/section>\n\n\n\n<section class=\"wp-block-themepark-block-themepark-area block_layout thempark-block undefined\" id=\"\" style=\"padding-bottom:53px;padding-top:36px;\" data-swiper-parallax=\"-700\"><div class=\"block_layout_in\" style=\"max-width:1270px;\">\n<div class=\"wp-block-column block_layout_in is-layout-flow wp-block-column-is-layout-flow\">\n<div class=\"wp-block-themepark-block-themepark-wright content-super-p\" style=\"font-size:16px;line-height:41px;padding:10px 8px;\">\n<div class=\"wp-block-column is-layout-flow wp-block-column-is-layout-flow\">\n<h1 class=\"wp-block-heading has-text-align-center has-bonkers-font-size\" id=\"homemd1\" style=\"text-transform:uppercase\">Caso del paciente<\/h1>\n\n\n\n<p><\/p>\n\n\n\n<div class=\"wp-block-themepark-block-themepark-xian theme_fang_out\" style=\"text-align:center;\"><div class=\"fangbox\" style=\"width:96px;height:6px;background-color:#0693e3;\"><\/div><\/div>\n\n\n\n<p><\/p>\n<\/div>\n<\/div>\n\n\n\n<section class=\"wp-block-themepark-block-themepark-imgtext thempark-block themepark_imgtext moveupd  undefined nohover\" style=\"padding-bottom:63px;\"><div class=\"themepark_imgtext_img\" style=\"width:37%;margin:0;border-radius:26px;\" data-swiper-parallax=\"-1800\"><img class=\"lazyload  swiper-lazy swiper-move-lazy\" style=\"\" data-src=\"https:\/\/fotonmedix.com\/wp-content\/uploads\/2025\/04\/case1-3.png\" alt=\"\"\/><\/div><div class=\"themepark_imgtext_text\" style=\"width:63%;margin:0;\" data-swiper-parallax=\"-1600\">\n<div class=\"wp-block-column is-layout-flow wp-block-column-is-layout-flow\">\n<div class=\"wp-block-themepark-block-themepark-wright content-super-p\" style=\"font-size:16px;line-height:37px;padding:10px 8px;\">\n<div class=\"wp-block-column is-layout-flow wp-block-column-is-layout-flow\">\n<p style=\"font-size:33px\"><strong>Dolor de espalda<\/strong><\/p>\n\n\n\n<p class=\"has-text-align-left\">Irradiaci\u00f3n completa multi\u00e1ngulo sin contacto e irradiaci\u00f3n de masaje por contacto de las zonas de enfermedad primaria y las zonas secundarias.<\/p>\n\n\n\n<p><\/p>\n\n\n\n<div class=\"wp-block-themepark-block-themepark-xian theme_fang_out\" style=\"text-align:left;\"><div class=\"fangbox\" style=\"width:50px;height:6px;background-color:#0693e3;\"><\/div><\/div>\n\n\n\n<p><\/p>\n\n\n\n<p><strong>Protocolo: <\/strong>Equino -Cr\u00f3nico -Musculoesquel\u00e9tico -Color de la piel -Ligamentos<\/p>\n\n\n\n<p><strong>Curso del tratamiento: <\/strong>1x\/d\u00eda durante 1-2 semanas, 2-3x\/semana durante 1-2 semanas<\/p>\n\n\n\n<p><strong>Manipulaci\u00f3n del tratamiento: <\/strong>irradiaci\u00f3n sin contacto e irradiaci\u00f3n de masaje con contacto<\/p>\n<\/div>\n<\/div>\n<\/div>\n<\/div><div class=\"themepark_imgtext_ba\" style=\"opacity:1;\"><\/div><\/section>\n\n\n\n<div class=\"wp-block-themepark-block-themepark-xian theme_fang_out\" style=\"text-align:left;\"><div class=\"fangbox\" style=\"width:100%;height:2px;background-color:#0693e3;\"><\/div><\/div>\n\n\n\n<section class=\"wp-block-themepark-block-themepark-imgtext thempark-block themepark_imgtext moveupd  undefined nohover\" style=\"padding-bottom:63px;padding-top:26px;\"><div class=\"themepark_imgtext_img\" style=\"width:37%;margin:0;border-radius:26px;\" data-swiper-parallax=\"-1800\"><img class=\"lazyload  swiper-lazy swiper-move-lazy\" style=\"\" data-src=\"https:\/\/fotonmedix.com\/wp-content\/uploads\/2025\/04\/case2-4.png\" alt=\"\"\/><\/div><div class=\"themepark_imgtext_text\" style=\"width:63%;margin:0;padding-left:5px;\" data-swiper-parallax=\"-1600\">\n<div class=\"wp-block-column is-layout-flow wp-block-column-is-layout-flow\">\n<div class=\"wp-block-themepark-block-themepark-wright content-super-p\" style=\"font-size:16px;line-height:37px;padding:10px 8px;\">\n<div class=\"wp-block-column is-layout-flow wp-block-column-is-layout-flow\">\n<p style=\"font-size:33px\"><strong>Artritis de mu\u00f1eca<\/strong><\/p>\n\n\n\n<p class=\"has-text-align-left\">Irradiaci\u00f3n completa de masajes multianales e irradiaci\u00f3n de acupuntos en las zonas de mayor y menor gravedad de la enfermedad.<\/p>\n\n\n\n<p><\/p>\n\n\n\n<div class=\"wp-block-themepark-block-themepark-xian theme_fang_out\" style=\"text-align:left;\"><div class=\"fangbox\" style=\"width:50px;height:6px;background-color:#0693e3;\"><\/div><\/div>\n\n\n\n<p><\/p>\n\n\n\n<p><strong>Protocolo<\/strong>: Equino- Cr\u00f3nico- Musculoesquel\u00e9tico- Complexi\u00f3n- Ligamentoso<\/p>\n\n\n\n<p><strong>Tratamiento<\/strong>: 1x\/d\u00eda durante 1-2 semanas, 2-3x\/semana durante 1-2 semanas<\/p>\n\n\n\n<p><strong>Manipulaci\u00f3n del tratamiento<\/strong>: Irradiaci\u00f3n de masaje de contacto e irradiaci\u00f3n de acupuntos<\/p>\n<\/div>\n<\/div>\n<\/div>\n<\/div><div class=\"themepark_imgtext_ba\" style=\"opacity:1;\"><\/div><\/section>\n\n\n\n<div class=\"wp-block-themepark-block-themepark-xian theme_fang_out\" style=\"text-align:left;\"><div class=\"fangbox\" style=\"width:100%;height:2px;background-color:#0693e3;\"><\/div><\/div>\n\n\n\n<section class=\"wp-block-themepark-block-themepark-imgtext thempark-block themepark_imgtext moveupd  undefined nohover\" style=\"padding-bottom:63px;padding-top:26px;\"><div class=\"themepark_imgtext_img\" style=\"width:37%;margin:0;border-radius:26px;\" data-swiper-parallax=\"-1800\"><img class=\"lazyload  swiper-lazy swiper-move-lazy\" style=\"\" data-src=\"https:\/\/fotonmedix.com\/wp-content\/uploads\/2025\/04\/case3-2.png\" alt=\"\"\/><\/div><div class=\"themepark_imgtext_text\" style=\"width:63%;margin:0;padding-left:5px;\" data-swiper-parallax=\"-1600\">\n<div class=\"wp-block-column is-layout-flow wp-block-column-is-layout-flow\">\n<div class=\"wp-block-themepark-block-themepark-wright content-super-p\" style=\"font-size:16px;line-height:37px;padding:10px 8px;\">\n<div class=\"wp-block-column is-layout-flow wp-block-column-is-layout-flow\">\n<p style=\"font-size:33px\"><strong>Curaci\u00f3n de heridas<\/strong><\/p>\n\n\n\n<p class=\"has-text-align-left\">Los tratamientos con PBMT comenzaron el octavo d\u00eda tras la lesi\u00f3n de la herida y se aplicaron en el momento del cambio de vendaje. El tratamiento con l\u00e1ser fue muy positivo y evit\u00f3 la necesidad de retirar tejido de granulaci\u00f3n. La herida se contrajo muy bien y los m\u00e1rgenes epiteliales se extendieron de forma natural por todo el lecho de la herida.<\/p>\n\n\n\n<p class=\"has-text-align-left\"><\/p>\n\n\n\n<p><\/p>\n\n\n\n<div class=\"wp-block-themepark-block-themepark-xian theme_fang_out\" style=\"text-align:left;\"><div class=\"fangbox\" style=\"width:50px;height:6px;background-color:#0693e3;\"><\/div><\/div>\n\n\n\n<p><\/p>\n\n\n\n<p class=\"has-text-align-left\"><strong>Protocolo: <\/strong>heridas<\/p>\n\n\n\n<p><strong>Curso del tratamiento:<\/strong> 1x\/d\u00eda durante 1-2 semanas, 2-3x\/semana durante 1-2 semanas<\/p>\n<\/div>\n<\/div>\n<\/div>\n<\/div><div class=\"themepark_imgtext_ba\" style=\"opacity:1;\"><\/div><\/section>\n<\/div>\n<\/div><div class=\"layout_badh\"><\/div><\/section>\n\n\n\n<section class=\"wp-block-themepark-block-themepark-area block_layout thempark-block undefined\" id=\"\" style=\"padding-bottom:21px;\" data-swiper-parallax=\"-700\"><div class=\"block_layout_in\" style=\"max-width:1270px;\">\n<div class=\"wp-block-column block_layout_in is-layout-flow wp-block-column-is-layout-flow\">\n<div class=\"wp-block-themepark-block-themepark-wright content-super-p\" style=\"font-size:16px;line-height:41px;padding:10px 8px;\">\n<div class=\"wp-block-column is-layout-flow wp-block-column-is-layout-flow\">\n<h1 class=\"wp-block-heading has-text-align-center\" id=\"homemd1\" style=\"font-size:31px;text-transform:capitalize\"><mark style=\"background-color:rgba(0, 0, 0, 0)\" class=\"has-inline-color has-black-color\">Productos recomendados<\/mark><\/h1>\n\n\n\n<p><\/p>\n\n\n\n<div class=\"wp-block-themepark-block-themepark-xian theme_fang_out\" style=\"text-align:center;\"><div class=\"fangbox\" style=\"width:96px;height:6px;background-color:#0693e3;\"><\/div><\/div>\n<\/div>\n<\/div>\n<\/div>\n<\/div><div class=\"layout_badh\"><\/div><\/section>\n\n\n<div class=\"product_loop  zhong  radius   mian_loop\" id=\"pro_list_3\"><div class=\"product_post   h_w\" ><a href=\"https:\/\/fotonmedix.com\/es\/horsevet3000u5-html.html\/\" class=\"product_pic postatty\" ><img loading=\"lazy\" decoding=\"async\" class=\"lazyload\" src=\"https:\/\/fotonmedix.com\/wp-content\/themes\/smartenterprise\/images\/loadings.png\" data-src=\"https:\/\/fotonmedix.com\/wp-content\/uploads\/2025\/04\/\u4ea7\u54c1\u9996\u56fe\u6a21\u677f.png\" width=\"800\" height=\"800\" alt=\"HorseMedix-MAX\" title=\"HorseMedix-MAX\"\/><\/a><div class=\"product_info\"><h3 class=\"pro_title\"><a href=\"https:\/\/fotonmedix.com\/es\/horsevet3000u5-html.html\/\">HorseMedix-MAX<\/a><\/h3><\/div><\/div><\/div>","protected":false},"excerpt":{"rendered":"","protected":false},"author":1,"featured_media":0,"parent":0,"menu_order":12,"comment_status":"open","ping_status":"closed","template":"","meta":{"themepark_post_bcolor":"#f5f5f5","themepark_post_width":"100%","themepark_post_img":"","themepark_post_img_po":"left","themepark_post_img_re":false,"themepark_post_img_cover":false,"themepark_post_img_fixed":false,"themepark_post_hide_title":true,"themepark_post_main_b":"","themepark_post_main_p":100,"themepark_paddingblock":true,"footnotes":"","_wpscp_schedule_draft_date":"","_wpscp_schedule_republish_date":"","_wpscppro_advance_schedule":false,"_wpscppro_advance_schedule_date":"","_wpscppro_dont_share_socialmedia":false,"_wpscppro_custom_social_share_image":0,"_facebook_share_type":"","_twitter_share_type":"","_linkedin_share_type":"","_pinterest_share_type":"","_linkedin_share_type_page":"","_instagram_share_type":"","_medium_share_type":"","_threads_share_type":"","_google_business_share_type":"","_selected_social_profile":[],"_wpsp_enable_custom_social_template":false,"_wpsp_social_scheduling":{"enabled":false,"datetime":null,"platforms":[],"status":"template_only","dateOption":"today","timeOption":"now","customDays":"","customHours":"","customDate":"","customTime":"","schedulingType":"absolute"},"_wpsp_active_default_template":true},"class_list":["post-2750","page","type-page","status-publish","hentry"],"aioseo_notices":[],"_links":{"self":[{"href":"https:\/\/fotonmedix.com\/es\/wp-json\/wp\/v2\/pages\/2750","targetHints":{"allow":["GET"]}}],"collection":[{"href":"https:\/\/fotonmedix.com\/es\/wp-json\/wp\/v2\/pages"}],"about":[{"href":"https:\/\/fotonmedix.com\/es\/wp-json\/wp\/v2\/types\/page"}],"author":[{"embeddable":true,"href":"https:\/\/fotonmedix.com\/es\/wp-json\/wp\/v2\/users\/1"}],"replies":[{"embeddable":true,"href":"https:\/\/fotonmedix.com\/es\/wp-json\/wp\/v2\/comments?post=2750"}],"version-history":[{"count":22,"href":"https:\/\/fotonmedix.com\/es\/wp-json\/wp\/v2\/pages\/2750\/revisions"}],"predecessor-version":[{"id":4618,"href":"https:\/\/fotonmedix.com\/es\/wp-json\/wp\/v2\/pages\/2750\/revisions\/4618"}],"wp:attachment":[{"href":"https:\/\/fotonmedix.com\/es\/wp-json\/wp\/v2\/media?parent=2750"}],"curies":[{"name":"wp","href":"https:\/\/api.w.org\/{rel}","templated":true}]}}