{"id":617,"date":"2025-03-25T16:28:37","date_gmt":"2025-03-25T08:28:37","guid":{"rendered":"https:\/\/fotonmedix.com\/?page_id=617"},"modified":"2025-07-30T10:39:49","modified_gmt":"2025-07-30T02:39:49","slug":"acerca-de-fotonmedix","status":"publish","type":"page","link":"https:\/\/fotonmedix.com\/es\/acerca-de-fotonmedix\/","title":{"rendered":"Acerca de Fotonmedix"},"content":{"rendered":"<section class=\"wp-block-themepark-block-themepark-area block_layout thempark-block undefined bom100 top100 visible\" id=\"\" style=\"padding-top:258px;height:600px;box-sizing: border-box;width: 100%;\" data-swiper-parallax=\"-700\"><div class=\"block_layout_in clomnnone\" style=\"\">\n<div class=\"wp-block-column block_layout_in is-layout-flow wp-block-column-is-layout-flow\">\n<h2 class=\"wp-block-heading has-text-align-center has-monte-white-color has-text-color has-large-font-size\" style=\"letter-spacing:0px\">ACERCA DE FOTONMEDIX<\/h2>\n\n\n\n<p class=\"has-text-align-center has-monte-white-color has-text-color has-normal-font-size\" style=\"text-transform:capitalize\">L\u00e1seres terap\u00e9uticos de nueva generaci\u00f3n<\/p>\n<\/div>\n<\/div><div class=\"layout_badh\"><div class=\"PcOnly themepark-block_layout_ba lazyload swiper-lazy  jttj\" style=\"background-repeat:no-repeat;background-size:cover;background-position:center;\" data-background=\"https:\/\/fotonmedix.com\/wp-content\/uploads\/2025\/07\/\u672a\u6807\u9898-1-22.jpg\"><\/div><div class=\"MovePnly themepark-block_layout_ba lazyload swiper-move-lazy jttj\" style=\"background-repeat:no-repeat;background-size:cover;background-position:center;\" data-background=\"https:\/\/fotonmedix.com\/wp-content\/uploads\/2025\/07\/\u672a\u6807\u9898-1-22.jpg\"><\/div><\/div><\/section>\n\n\n\n<section class=\"wp-block-themepark-block-themepark-area block_layout thempark-block undefined\" id=\"\" style=\"padding-bottom:44px;padding-top:30px;\" data-swiper-parallax=\"-700\"><div class=\"block_layout_in\" style=\"\">\n<div class=\"wp-block-column block_layout_in is-layout-flow wp-block-column-is-layout-flow\">\n<section class=\"wp-block-themepark-block-themepark-imgtext thempark-block themepark_imgtext updonwmodle leftright undefined\" style=\"\"><div class=\"themepark_imgtext_text\" style=\"\" data-swiper-parallax=\"-1600\">\n<div class=\"wp-block-column is-layout-flow wp-block-column-is-layout-flow\">\n<div class=\"wp-block-themepark-block-themepark-wright content-super-p\" style=\"font-size:16px;line-height:32px; border:3px #f1f1f1 dashed;padding:20px 20px;\">\n<div class=\"wp-block-column is-layout-flow wp-block-column-is-layout-flow\">\n<p>Fotonmedix es un fabricante innovador de equipos m\u00e9dicos l\u00e1ser de alta energ\u00eda y motores l\u00e1ser centrales, centrado en la tecnolog\u00eda central del tratamiento m\u00e9dico l\u00e1ser de alta energ\u00eda desde hace casi 20 a\u00f1os. Los productos abarcan equipos de cirug\u00eda l\u00e1ser m\u00ednimamente invasiva, diversas fibras \u00f3pticas m\u00e9dicas, equipos de rehabilitaci\u00f3n y curaci\u00f3n l\u00e1ser de alta energ\u00eda y equipos m\u00e9dicos est\u00e9ticos l\u00e1ser. Bas\u00e1ndose en avanzados <a href=\"https:\/\/fotonmedix.com\/es\/clinical-efficacy-of-rhinitis-laser-therapy-devices-integrating-class-4-laser-therapy-into-modern-ent-practice.html\/\" title=\"Eficacia cl\u00ednica de los dispositivos de terapia l\u00e1ser para la rinitis: Integraci\u00f3n de la terapia l\u00e1ser de clase 4 en la pr\u00e1ctica otorrinolaringol\u00f3gica moderna\"  data-wpil-monitor-id=\"567\">tecnolog\u00eda l\u00e1ser y cl\u00ednica m\u00e9dica de vanguardia<\/a> investigaci\u00f3n, los productos se exportan a los principales pa\u00edses desarrollados de todo el mundo.<\/p>\n\n\n\n<p><\/p>\n\n\n\n<p>Fotonmedix y el Instituto de Investigaci\u00f3n Tsinghua del otro lado del estrecho crearon conjuntamente el \"Laboratorio Conjunto de Medicina L\u00e1ser de Alta Intensidad y Semiconductores\". Est\u00e1n impulsando la innovaci\u00f3n de la tecnolog\u00eda l\u00e1ser de semiconductores meti\u00e9ndose de lleno en la cl\u00ednica m\u00e9dica.<\/p>\n<\/div>\n<\/div>\n\n\n\n<div class=\"wp-block-themepark-block-themepark-xian theme_fang_out\" style=\"text-align:center;\"><div class=\"fangbox\" style=\"width:95px;height:11px;background-color:#0693e3;\"><\/div><\/div>\n\n\n\n<p><\/p>\n\n\n\n<section class=\"wp-block-themepark-block-themepark-listul thempark-block list_ul_box_out  Effect0 undefined showtext qik\" style=\"padding-bottom:8px;padding-top:6px;undefined\" swlist=\"5\" progresseffect=\"0\" autoplays=\"1\" line=\"1\" loops=\"no\"><div class=\"swiper-container showslidebox_out  listpadings showslidebox_full\"><div class=\"swiper-wrapper\"><div class=\"swiper-slide listul_box\" style=\"border-radius:20px;overflow: hidden;;\"><a class=\"listul_box_img\" style=\"\"><div style=\"\" class=\"listulpic\"><img loading=\"lazy\" decoding=\"async\" class=\"swiper-lazy swiper-move-lazy lazyload\" data-src=\"https:\/\/fotonmedix.com\/wp-content\/uploads\/2025\/05\/1.jpg\" src=\"https:\/\/fotonmedix.com\/wp-content\/themes\/smartenterprise\/images\/loading3.png\" alt=\"Acumulaciones profundas en la industria...\" width=\"380\" height=\"600\"\/><\/div><div class=\"zhezhao\"><\/div><div class=\"listul_box_text\" style=\"padding-top:22%;text-align:center;\"><h3 class=\"pcimg_title\" style=\"font-size:23px;color:#ffffff;\"><span>Acumulaciones profundas en la industria<\/span><span>--<\/span><\/h3><font class=\"pcimg_dis\" style=\"font-size:13px;color:#ffffff;\"><span>16 a\u00f1os de experiencia en I+D de l\u00e1seres m\u00e9dicos<\/span><\/font><\/div><\/a><\/div><div class=\"swiper-slide listul_box\" style=\"border-radius:20px;overflow: hidden;;\"><a class=\"listul_box_img\" style=\"\"><div style=\"\" class=\"listulpic\"><img loading=\"lazy\" decoding=\"async\" class=\"swiper-lazy swiper-move-lazy lazyload\" data-src=\"https:\/\/fotonmedix.com\/wp-content\/uploads\/2025\/04\/2-5.jpg\" src=\"https:\/\/fotonmedix.com\/wp-content\/themes\/smartenterprise\/images\/loading3.png\" alt=\"Tecnolog\u00eda L\u00c1SER--\" width=\"380\" height=\"600\"\/><\/div><div class=\"zhezhao\"><\/div><div class=\"listul_box_text\" style=\"padding-top:22%;text-align:center;\"><h3 class=\"pcimg_title\" style=\"font-size:23px;color:#ffffff;\"><span>Tecnolog\u00eda L\u00c1SER<\/span><span>--<\/span><\/h3><font class=\"pcimg_dis\" style=\"font-size:13px;color:#ffffff;\"><span>Especializada en I+D y producci\u00f3n de motores l\u00e1ser de \u00faltima generaci\u00f3n para accionar l\u00e1seres m\u00e9dicos de \u00faltima generaci\u00f3n.<\/span><\/font><\/div><\/a><\/div><div class=\"swiper-slide listul_box\" style=\"border-radius:20px;overflow: hidden;;\"><a class=\"listul_box_img\" style=\"\"><div style=\"\" class=\"listulpic\"><img loading=\"lazy\" decoding=\"async\" class=\"swiper-lazy swiper-move-lazy lazyload\" data-src=\"https:\/\/fotonmedix.com\/wp-content\/uploads\/2025\/04\/3-1.jpg\" src=\"https:\/\/fotonmedix.com\/wp-content\/themes\/smartenterprise\/images\/loading3.png\" alt=\"Laboratorio LASER--\" width=\"380\" height=\"600\"\/><\/div><div class=\"zhezhao\"><\/div><div class=\"listul_box_text\" style=\"padding-top:22%;text-align:center;\"><h3 class=\"pcimg_title\" style=\"font-size:23px;color:#ffffff;\"><span>Laboratorio LASER<\/span><span>--<\/span><\/h3><font class=\"pcimg_dis\" style=\"font-size:13px;color:#ffffff;\"><span>Colaboraci\u00f3n con el Laboratorio de Medicina L\u00e1ser de Alta Energ\u00eda del Estrecho de Tsinghua para aplicaciones punteras de medicina l\u00e1ser.<\/span><\/font><\/div><\/a><\/div><div class=\"swiper-slide listul_box\" style=\"border-radius:20px;overflow: hidden;;\"><a class=\"listul_box_img\" style=\"\"><div style=\"\" class=\"listulpic\"><img loading=\"lazy\" decoding=\"async\" class=\"swiper-lazy swiper-move-lazy lazyload\" data-src=\"https:\/\/fotonmedix.com\/wp-content\/uploads\/2025\/05\/4-1.jpg\" src=\"https:\/\/fotonmedix.com\/wp-content\/themes\/smartenterprise\/images\/loading3.png\" alt=\"L\u00ednea de producci\u00f3n avanzada...\" width=\"380\" height=\"600\"\/><\/div><div class=\"zhezhao\"><\/div><div class=\"listul_box_text\" style=\"padding-top:22%;text-align:center;\"><h3 class=\"pcimg_title\" style=\"font-size:23px;color:#ffffff;\"><span>L\u00ednea de producci\u00f3n avanzada<\/span><span>--<\/span><\/h3><font class=\"pcimg_dis\" style=\"font-size:13px;color:#ffffff;\"><span>6000\u33a1+ Moderno taller de producci\u00f3n<\/span><span>Sala blanca de clase 1000<\/span><\/font><\/div><\/a><\/div><div class=\"swiper-slide listul_box\" style=\"border-radius:20px;overflow: hidden;;\"><a class=\"listul_box_img\" style=\"\"><div style=\"\" class=\"listulpic\"><img loading=\"lazy\" decoding=\"async\" class=\"swiper-lazy swiper-move-lazy lazyload\" data-src=\"https:\/\/fotonmedix.com\/wp-content\/uploads\/2025\/05\/5.jpg\" src=\"https:\/\/fotonmedix.com\/wp-content\/themes\/smartenterprise\/images\/loading3.png\" alt=\"Certificaci\u00f3n--\" width=\"380\" height=\"600\"\/><\/div><div class=\"zhezhao\"><\/div><div class=\"listul_box_text\" style=\"padding-top:22%;text-align:center;\"><h3 class=\"pcimg_title\" style=\"font-size:23px;color:#ffffff;\"><span>Certificaci\u00f3n<\/span><span>--<\/span><\/h3><font class=\"pcimg_dis\" style=\"font-size:13px;color:#ffffff;\"><span>FDA CE ISO 13485 RoHS IEC<\/span><\/font><\/div><\/a><\/div><\/div><div class=\"pagination MovePnly\"><\/div><\/div><\/section>\n<\/div>\n<\/div><div class=\"themepark_imgtext_img\" style=\"\" data-swiper-parallax=\"-1800\"><\/div><div class=\"themepark_imgtext_ba\" style=\"opacity:1;\"><\/div><\/section>\n<\/div>\n<\/div><div class=\"layout_badh\"><div class=\"shizhezhao\" style=\"opacity:0.92;background-color:#ffffff;\"><\/div><div class=\"PcOnly themepark-block_layout_ba lazyload swiper-lazy\" style=\"background-repeat:no-repeat;background-size:cover;background-attachment:fixed;background-position:center;\" data-background=\"https:\/\/fotonmedix.com\/wp-content\/uploads\/2023\/10\/wh1.jpg\"><\/div><div class=\"MovePnly themepark-block_layout_ba lazyload swiper-move-lazy\" style=\"background-repeat:no-repeat;background-size:cover;background-attachment:fixed;background-position:center;\" data-background=\"https:\/\/fotonmedix.com\/wp-content\/uploads\/2023\/10\/wh1.jpg\"><\/div><\/div><\/section>\n\n\n\n<section class=\"wp-block-themepark-block-themepark-area block_layout thempark-block undefined\" id=\"\" style=\"background-color:#ffffff;padding-bottom:42px;\" data-swiper-parallax=\"-700\"><div class=\"block_layout_in\" style=\"\">\n<div class=\"wp-block-column block_layout_in is-layout-flow wp-block-column-is-layout-flow\">\n<div class=\"wp-block-themepark-block-themepark-wright content-super-p\" style=\"font-size:16px;line-height:41px;padding:10px 8px;\">\n<div class=\"wp-block-column is-layout-flow wp-block-column-is-layout-flow\">\n<div class=\"wp-block-themepark-block-themepark-xian theme_fang_out\" style=\"text-align:center;padding-top:50px;\"><div class=\"fangbox\" style=\"width:95px;\"><\/div><\/div>\n\n\n\n<h1 class=\"wp-block-heading has-text-align-center has-medium-font-size\" id=\"homemd3\" style=\"text-transform:uppercase\">6000\u33a1 Taller de producci\u00f3n moderna<\/h1>\n\n\n\n<div class=\"wp-block-themepark-block-themepark-xian theme_fang_out\" style=\"text-align:center;\"><div class=\"fangbox\" style=\"width:95px;height:11px;background-color:#0693e3;\"><\/div><\/div>\n\n\n\n<div class=\"wp-block-themepark-block-themepark-wright content-super-p\" style=\"font-size:17px;line-height:25px;padding:10px 0px;\">\n<div class=\"wp-block-column is-layout-flow wp-block-column-is-layout-flow\">\n<p class=\"has-text-align-center\">\u25cf Sala blanca de clase1.000 que permite la producci\u00f3n de m\u00f3dulos l\u00e1ser y dispositivos m\u00e9dicos desde el prototipo hasta la producci\u00f3n en serie.<br>\u25cf Producci\u00f3n anual de m\u00f3dulos l\u00e1ser 220.000 uds.<br>\u25cf 8 l\u00edneas de producci\u00f3n de equipos m\u00e9dicos<br>\u25cf 20 l\u00edneas de producci\u00f3n de equipos m\u00e9dicos port\u00e1tiles<\/p>\n\n\n\n<p><\/p>\n\n\n\n<div class=\"wp-block-themepark-block-themepark-swiper post_gallery_out2  btnb yx undefined\" style=\"border-radius:20px;\" data-auto=\"3\" data-moshi=\"\"><div class=\"swiper-container post_gallery_nomral\"><div class=\"swiper-wrapper\"><div class=\"swiper-slide\" style=\"border-radius:20px;\"><img decoding=\"async\" class=\"swiper-lazy swiper-move-lazy\" src=\"https:\/\/fotonmedix.com\/wp-content\/uploads\/2025\/06\/p1.jpg\" data-src=\"https:\/\/fotonmedix.com\/wp-content\/uploads\/2025\/06\/p1.jpg\" alt=\"\u5173\u4e8e\u6211\u4eec\"\/><\/div><div class=\"swiper-slide\" style=\"border-radius:20px;\"><img decoding=\"async\" class=\"swiper-lazy swiper-move-lazy\" src=\"https:\/\/fotonmedix.com\/wp-content\/themes\/smartenterprise\/images\/loading8.png\" data-src=\"https:\/\/fotonmedix.com\/wp-content\/uploads\/2025\/06\/p2.jpg\" alt=\"\u5173\u4e8e\u6211\u4eec\"\/><\/div><div class=\"swiper-slide\" style=\"border-radius:20px;\"><img decoding=\"async\" class=\"swiper-lazy swiper-move-lazy\" src=\"https:\/\/fotonmedix.com\/wp-content\/themes\/smartenterprise\/images\/loading8.png\" data-src=\"https:\/\/fotonmedix.com\/wp-content\/uploads\/2025\/06\/p3.jpg\" alt=\"\u5173\u4e8e\u6211\u4eec\"\/><\/div><div class=\"swiper-slide\" style=\"border-radius:20px;\"><img decoding=\"async\" class=\"swiper-lazy swiper-move-lazy\" src=\"https:\/\/fotonmedix.com\/wp-content\/themes\/smartenterprise\/images\/loading8.png\" data-src=\"https:\/\/fotonmedix.com\/wp-content\/uploads\/2025\/06\/p4.jpg\" alt=\"\u5173\u4e8e\u6211\u4eec\"\/><\/div><\/div><a class=\"swiper-next\"><i class=\"fas fa-angle-right\"><\/i><\/a><a class=\"swiper-prev\"><i class=\"fas fa-angle-left\"><\/i><\/a><div class=\"pagination post_gallery_nomral_pagination\"><\/div><\/div><\/div>\n<\/div>\n<\/div>\n<\/div>\n<\/div>\n<\/div>\n<\/div><div class=\"layout_badh\"><div class=\"PcOnly themepark-block_layout_ba lazyload swiper-lazy\" style=\"background-repeat:no-repeat;background-size:cover;background-attachment:fixed;background-position:center;\" data-background=\"https:\/\/fotonmedix.com\/wp-content\/uploads\/2023\/10\/news.jpg\"><\/div><div class=\"MovePnly themepark-block_layout_ba lazyload swiper-move-lazy\" style=\"background-repeat:no-repeat;background-size:cover;background-attachment:fixed;background-position:center;\" data-background=\"https:\/\/fotonmedix.com\/wp-content\/uploads\/2023\/10\/news.jpg\"><\/div><\/div><\/section>","protected":false},"excerpt":{"rendered":"","protected":false},"author":1,"featured_media":0,"parent":0,"menu_order":3,"comment_status":"open","ping_status":"closed","template":"","meta":{"themepark_post_bcolor":"#f5f5f5","themepark_post_width":"100% dong","themepark_post_img":"","themepark_post_img_po":"left","themepark_post_img_re":false,"themepark_post_img_cover":false,"themepark_post_img_fixed":false,"themepark_post_hide_title":true,"themepark_post_main_b":"","themepark_post_main_p":100,"themepark_paddingblock":true,"footnotes":"","_wpscp_schedule_draft_date":"","_wpscp_schedule_republish_date":"","_wpscppro_advance_schedule":false,"_wpscppro_advance_schedule_date":"","_wpscppro_dont_share_socialmedia":false,"_wpscppro_custom_social_share_image":0,"_facebook_share_type":"","_twitter_share_type":"","_linkedin_share_type":"","_pinterest_share_type":"","_linkedin_share_type_page":"","_instagram_share_type":"","_medium_share_type":"","_threads_share_type":"","_google_business_share_type":"","_selected_social_profile":[],"_wpsp_enable_custom_social_template":false,"_wpsp_social_scheduling":{"enabled":false,"datetime":null,"platforms":[],"status":"template_only","dateOption":"today","timeOption":"now","customDays":"","customHours":"","customDate":"","customTime":"","schedulingType":"absolute"},"_wpsp_active_default_template":true},"class_list":["post-617","page","type-page","status-publish","hentry"],"aioseo_notices":[],"_links":{"self":[{"href":"https:\/\/fotonmedix.com\/es\/wp-json\/wp\/v2\/pages\/617","targetHints":{"allow":["GET"]}}],"collection":[{"href":"https:\/\/fotonmedix.com\/es\/wp-json\/wp\/v2\/pages"}],"about":[{"href":"https:\/\/fotonmedix.com\/es\/wp-json\/wp\/v2\/types\/page"}],"author":[{"embeddable":true,"href":"https:\/\/fotonmedix.com\/es\/wp-json\/wp\/v2\/users\/1"}],"replies":[{"embeddable":true,"href":"https:\/\/fotonmedix.com\/es\/wp-json\/wp\/v2\/comments?post=617"}],"version-history":[{"count":44,"href":"https:\/\/fotonmedix.com\/es\/wp-json\/wp\/v2\/pages\/617\/revisions"}],"predecessor-version":[{"id":8176,"href":"https:\/\/fotonmedix.com\/es\/wp-json\/wp\/v2\/pages\/617\/revisions\/8176"}],"wp:attachment":[{"href":"https:\/\/fotonmedix.com\/es\/wp-json\/wp\/v2\/media?parent=617"}],"curies":[{"name":"wp","href":"https:\/\/api.w.org\/{rel}","templated":true}]}}