{"id":2878,"date":"2025-04-12T20:01:53","date_gmt":"2025-04-12T12:01:53","guid":{"rendered":"https:\/\/fotonmedix.com\/?page_id=2878"},"modified":"2026-04-10T11:29:48","modified_gmt":"2026-04-10T03:29:48","slug":"amelioration-des-performances-musculaires","status":"publish","type":"page","link":"https:\/\/fotonmedix.com\/fr\/amelioration-des-performances-musculaires\/","title":{"rendered":"Am\u00e9lioration des performances musculaires"},"content":{"rendered":"<section class=\"wp-block-themepark-block-themepark-area block_layout thempark-block undefined bom100 top100\" id=\"\" style=\"padding-top:258px;height:600px;box-sizing: border-box;width: 100%;\" data-swiper-parallax=\"-700\"><div class=\"block_layout_in\" style=\"\">\n<div class=\"wp-block-column block_layout_in is-layout-flow wp-block-column-is-layout-flow\">\n<h2 class=\"wp-block-heading has-text-align-center has-monte-white-color has-text-color has-large-font-size\" style=\"text-transform:uppercase\"><span style=\"color: rgb(209, 213, 219); font-family: S\u00f6hne, ui-sans-serif, system-ui, -apple-system, &quot;Segoe UI&quot;, Roboto, Ubuntu, Cantarell, &quot;Noto Sans&quot;, sans-serif, &quot;Helvetica Neue&quot;, Arial, &quot;Apple Color Emoji&quot;, &quot;Segoe UI Emoji&quot;, &quot;Segoe UI Symbol&quot;, &quot;Noto Color Emoji&quot;; font-size: 16px; font-style: normal; font-variant-ligatures: normal; font-variant-caps: normal; font-weight: 400; letter-spacing: normal; orphans: 2; text-align: left; text-indent: 0px; text-transform: none; widows: 2; word-spacing: 0px; -webkit-text-stroke-width: 0px; white-space: pre-wrap; background-color: rgb(68, 70, 84); text-decoration-thickness: initial; text-decoration-style: initial; text-decoration-color: initial; display: inline !important; float: none;\"><\/span>Am\u00e9lioration des performances musculaires<\/h2>\n\n\n\n<p class=\"has-text-align-center has-monte-white-color has-text-color has-normal-font-size\" style=\"text-transform:capitalize\">Anti-inflammation\u4e28Soulagement des douleurs\u4e28Pro-cicatrisation\u4e28R\u00e9duction des gonflements<\/p>\n\n\n\n<p class=\"has-text-align-center has-monte-white-color has-text-color has-normal-font-size\" style=\"text-transform:capitalize\"><\/p>\n<\/div>\n<\/div><div class=\"layout_badh\"><div class=\"shizhezhao\" style=\"opacity:0.64;background-color:#000000;\"><\/div><div class=\"PcOnly themepark-block_layout_ba lazyload swiper-lazy  jttj\" style=\"background-repeat:no-repeat;background-size:cover;background-position:center;\" data-background=\"https:\/\/fotonmedix.com\/wp-content\/uploads\/2026\/04\/22-Equine-Therapy-Laser.png\"><\/div><div class=\"MovePnly themepark-block_layout_ba lazyload swiper-move-lazy jttj\" style=\"background-repeat:no-repeat;background-size:cover;background-position:center;\" data-background=\"https:\/\/fotonmedix.com\/wp-content\/uploads\/2026\/04\/22-Equine-Therapy-Laser.png\"><\/div><\/div><\/section>\n\n\n\n<section class=\"wp-block-themepark-block-themepark-area block_layout thempark-block undefined\" id=\"\" style=\"background-color:#ffffff;padding-bottom:53px;padding-top:61px;\" data-swiper-parallax=\"-700\"><div class=\"block_layout_in\" style=\"\">\n<div class=\"wp-block-column block_layout_in is-layout-flow wp-block-column-is-layout-flow\">\n<section class=\"wp-block-themepark-block-themepark-imgtext thempark-block themepark_imgtext leftright moveupd  undefined nohover\" style=\"padding-bottom:63px;\"><div class=\"themepark_imgtext_img\" style=\"width:49%;margin:0;border-radius:31px;\" data-swiper-parallax=\"-1800\"><img class=\"lazyload  swiper-lazy swiper-move-lazy\" style=\"\" data-src=\"https:\/\/fotonmedix.com\/wp-content\/uploads\/2025\/04\/Equine-Health2.jpg\" alt=\"\"\/><\/div><div class=\"themepark_imgtext_text\" style=\"width:51%;margin:0;padding-right:46px;\" data-swiper-parallax=\"-1600\">\n<div class=\"wp-block-column is-layout-flow wp-block-column-is-layout-flow\">\n<div class=\"wp-block-themepark-block-themepark-wright content-super-p\" style=\"font-size:16px;line-height:37px;padding:10px 8px;\">\n<div class=\"wp-block-column is-layout-flow wp-block-column-is-layout-flow\">\n<h1 class=\"wp-block-heading has-text-align-left has-large-font-size\" id=\"homemd1\" style=\"text-transform:uppercase\">Am\u00e9lioration des performances musculaires<\/h1>\n\n\n\n<p style=\"font-size:20px;letter-spacing:0px\"><strong>Principes de la th\u00e9rapie laser<\/strong><\/p>\n\n\n\n<div class=\"wp-block-themepark-block-themepark-xian theme_fang_out\" style=\"text-align:left;\"><div class=\"fangbox\" style=\"width:50px;height:6px;background-color:#0693e3;\"><\/div><\/div>\n\n\n\n<p>La performance musculaire est \u00e9troitement li\u00e9e au niveau d'\u00e9nergie des cellules musculaires dans les muscles. Plus pr\u00e9cis\u00e9ment, elle d\u00e9pend de la teneur en ad\u00e9nosine triphosphate (ATP). Les lasers proches infrarouges de forte puissance peuvent p\u00e9n\u00e9trer profond\u00e9ment dans les tissus musculaires, favoriser la production d'ATP, accro\u00eetre l'\u00e9nergie des cellules musculaires, augmenter la teneur en oxyg\u00e8ne des cellules musculaires, stimuler les m\u00e9canismes de d\u00e9fense contre le stress antioxydant, am\u00e9liorer l'excitabilit\u00e9 des fibres musculaires et contribuer \u00e0 la synth\u00e8se de la cr\u00e9atine phosphate et du glycog\u00e8ne musculaire. L'irradiation au laser de haute puissance des groupes musculaires avant que les chevaux ne s'engagent dans un exercice intense, connue sous le nom de pr\u00e9conditionnement musculaire, peut augmenter la force, la puissance, l'agilit\u00e9 et l'endurance musculaires, r\u00e9duire l'apparition de l\u00e9sions et de courbatures musculaires, et donc am\u00e9liorer de mani\u00e8re significative les performances athl\u00e9tiques.<\/p>\n<\/div>\n<\/div>\n<\/div>\n<\/div><div class=\"themepark_imgtext_ba\" style=\"opacity:1;\"><\/div><\/section>\n\n\n\n<section class=\"wp-block-themepark-block-themepark-imgtext thempark-block themepark_imgtext moveupd  undefined nohover\" style=\"padding-bottom:1px;padding-top:18px;\"><div class=\"themepark_imgtext_img\" style=\"width:50%;margin:0;text-align:left;border-radius:33px;\" data-swiper-parallax=\"-1800\"><img class=\"lazyload  swiper-lazy swiper-move-lazy\" style=\"\" data-src=\"https:\/\/fotonmedix.com\/wp-content\/uploads\/2025\/04\/Equine-Health-1.jpg\" alt=\"\"\/><\/div><div class=\"themepark_imgtext_text\" style=\"width:50%;margin:0;text-align:left;padding-left:8px;\" data-swiper-parallax=\"-1600\">\n<div class=\"wp-block-column is-layout-flow wp-block-column-is-layout-flow\">\n<div class=\"wp-block-themepark-block-themepark-wright content-super-p\" style=\"font-size:16px;line-height:37px;padding:10px 42px;\">\n<div class=\"wp-block-column is-layout-flow wp-block-column-is-layout-flow\">\n<h1 class=\"wp-block-heading has-text-align-left has-large-font-size\" id=\"homemd1\" style=\"text-transform:uppercase\">INDICATIONS :<\/h1>\n\n\n\n<p><\/p>\n\n\n\n<div class=\"wp-block-themepark-block-themepark-xian theme_fang_out\" style=\"text-align:left;\"><div class=\"fangbox\" style=\"width:50px;height:6px;background-color:#0693e3;\"><\/div><\/div>\n\n\n\n<section class=\"wp-block-themepark-block-themepark-listbox thempark-block themepark_listbox\" style=\"padding-top:11px;text-align:left;\"><ul class=\"themepark_listbox_list\" style=\"padding-left:2%;padding-right:2%;\"><li style=\"font-size:15px;line-height:25px;margin-bottom:3px;padding-left:30px;\"><i class=\"fas fa-check-circle\" style=\"line-height:25px\"><\/i><span>Appareil locomoteur<\/span><\/li><li style=\"font-size:15px;line-height:25px;margin-bottom:3px;padding-left:30px;\"><i class=\"fas fa-check-circle\" style=\"line-height:25px\"><\/i><span>Tendon \/ Fascia<\/span><\/li><li style=\"font-size:15px;line-height:25px;margin-bottom:3px;padding-left:30px;\"><i class=\"fas fa-check-circle\" style=\"line-height:25px\"><\/i><span>Peau<\/span><\/li><li style=\"font-size:15px;line-height:25px;margin-bottom:3px;padding-left:30px;\"><i class=\"fas fa-check-circle\" style=\"line-height:25px\"><\/i><span>Cavit\u00e9 buccale \/ nasale<\/span><\/li><li style=\"font-size:15px;line-height:25px;margin-bottom:3px;padding-left:30px;\"><i class=\"fas fa-check-circle\" style=\"line-height:25px\"><\/i><span>Poitrine \/ Abdomen<\/span><\/li><li style=\"font-size:15px;line-height:25px;margin-bottom:3px;padding-left:30px;\"><i class=\"fas fa-check-circle\" style=\"line-height:25px\"><\/i><span>Neurologie<\/span><\/li><li style=\"font-size:15px;line-height:25px;margin-bottom:3px;padding-left:30px;\"><i class=\"fas fa-check-circle\" style=\"line-height:25px\"><\/i><span>Fracture<\/span><\/li><li style=\"font-size:15px;line-height:25px;margin-bottom:3px;padding-left:30px;\"><i class=\"fas fa-check-circle\" style=\"line-height:25px\"><\/i><span>\u0152d\u00e8me \/ gonflement<\/span><\/li><li style=\"font-size:15px;line-height:25px;margin-bottom:3px;padding-left:30px;\"><i class=\"fas fa-check-circle\" style=\"line-height:25px\"><\/i><span>Chirurgie post-op\u00e9ratoire<\/span><\/li><li style=\"font-size:15px;line-height:25px;margin-bottom:3px;padding-left:30px;\"><i class=\"fas fa-check-circle\" style=\"line-height:25px\"><\/i><span>Acupuncture<\/span><\/li><li style=\"font-size:15px;line-height:25px;margin-bottom:3px;padding-left:30px;\"><i class=\"fas fa-check-circle\" style=\"line-height:25px\"><\/i><span>R\u00e9cup\u00e9ration de la fatigue<\/span><\/li><li style=\"font-size:15px;line-height:25px;margin-bottom:3px;padding-left:30px;\"><i class=\"fas fa-check-circle\" style=\"line-height:25px\"><\/i><span>Am\u00e9lioration des performances musculaires<\/span><\/li><li style=\"font-size:15px;line-height:25px;margin-bottom:3px;padding-left:30px;\"><i class=\"fas fa-check-circle\" style=\"line-height:25px\"><\/i><span>Pr\u00e9vention et r\u00e9paration des microtraumatismes<\/span><\/li><\/ul><div class=\"themepark_listbox_ba\" style=\"opacity:1;\"><\/div><\/section>\n<\/div>\n<\/div>\n<\/div>\n<\/div><div class=\"themepark_imgtext_ba\" style=\"opacity:1;\"><\/div><\/section>\n<\/div>\n<\/div><div class=\"layout_badh\"><div class=\"shizhezhao\" style=\"opacity:0.59;background-color:#ffffff;\"><\/div><div class=\"PcOnly themepark-block_layout_ba lazyload swiper-lazy\" style=\"background-repeat:no-repeat;background-size:cover;\" data-background=\"https:\/\/fotonmedix.com\/wp-content\/uploads\/2023\/10\/15276012_5570869-scaled-1.jpg\"><\/div><div class=\"MovePnly themepark-block_layout_ba lazyload swiper-move-lazy\" style=\"background-repeat:no-repeat;background-size:cover;\" data-background=\"https:\/\/fotonmedix.com\/wp-content\/uploads\/2023\/10\/15276012_5570869-scaled-1.jpg\"><\/div><\/div><\/section>\n\n\n\n<section class=\"wp-block-themepark-block-themepark-area block_layout thempark-block undefined\" id=\"\" style=\"padding-bottom:53px;padding-top:36px;\" data-swiper-parallax=\"-700\"><div class=\"block_layout_in\" style=\"max-width:1270px;\">\n<div class=\"wp-block-column block_layout_in is-layout-flow wp-block-column-is-layout-flow\">\n<div class=\"wp-block-themepark-block-themepark-wright content-super-p\" style=\"font-size:16px;line-height:41px;padding:10px 8px;\">\n<div class=\"wp-block-column is-layout-flow wp-block-column-is-layout-flow\">\n<h1 class=\"wp-block-heading has-text-align-center has-bonkers-font-size\" id=\"homemd1\" style=\"text-transform:uppercase\">Cas d'un patient<\/h1>\n\n\n\n<p><\/p>\n\n\n\n<div class=\"wp-block-themepark-block-themepark-xian theme_fang_out\" style=\"text-align:center;\"><div class=\"fangbox\" style=\"width:96px;height:6px;background-color:#0693e3;\"><\/div><\/div>\n\n\n\n<p><\/p>\n<\/div>\n<\/div>\n\n\n\n<section class=\"wp-block-themepark-block-themepark-imgtext thempark-block themepark_imgtext moveupd  undefined nohover\" style=\"padding-bottom:63px;\"><div class=\"themepark_imgtext_img\" style=\"width:37%;margin:0;border-radius:26px;\" data-swiper-parallax=\"-1800\"><img class=\"lazyload  swiper-lazy swiper-move-lazy\" style=\"\" data-src=\"https:\/\/fotonmedix.com\/wp-content\/uploads\/2025\/04\/case1-3.png\" alt=\"\"\/><\/div><div class=\"themepark_imgtext_text\" style=\"width:63%;margin:0;\" data-swiper-parallax=\"-1600\">\n<div class=\"wp-block-column is-layout-flow wp-block-column-is-layout-flow\">\n<div class=\"wp-block-themepark-block-themepark-wright content-super-p\" style=\"font-size:16px;line-height:37px;padding:10px 8px;\">\n<div class=\"wp-block-column is-layout-flow wp-block-column-is-layout-flow\">\n<p style=\"font-size:33px\"><strong>Mal de dos<\/strong><\/p>\n\n\n\n<p class=\"has-text-align-left\">Irradiation compl\u00e8te multi-angle sans contact et irradiation par massage avec contact des zones primaires et secondaires de la maladie.<\/p>\n\n\n\n<p><\/p>\n\n\n\n<div class=\"wp-block-themepark-block-themepark-xian theme_fang_out\" style=\"text-align:left;\"><div class=\"fangbox\" style=\"width:50px;height:6px;background-color:#0693e3;\"><\/div><\/div>\n\n\n\n<p><\/p>\n\n\n\n<p><strong>Protocole : <\/strong>Equin -Chronique -Musculo-squelettique -Couleur de la peau -Ligaments<\/p>\n\n\n\n<p><strong>Traitement : <\/strong>1x\/jour pendant 1-2 semaines, 2-3x\/semaine pendant 1-2 semaines<\/p>\n\n\n\n<p><strong>Manipulation du traitement : <\/strong>irradiation sans contact et irradiation par massage avec contact<\/p>\n<\/div>\n<\/div>\n<\/div>\n<\/div><div class=\"themepark_imgtext_ba\" style=\"opacity:1;\"><\/div><\/section>\n\n\n\n<div class=\"wp-block-themepark-block-themepark-xian theme_fang_out\" style=\"text-align:left;\"><div class=\"fangbox\" style=\"width:100%;height:2px;background-color:#0693e3;\"><\/div><\/div>\n\n\n\n<section class=\"wp-block-themepark-block-themepark-imgtext thempark-block themepark_imgtext moveupd  undefined nohover\" style=\"padding-bottom:63px;padding-top:26px;\"><div class=\"themepark_imgtext_img\" style=\"width:37%;margin:0;border-radius:26px;\" data-swiper-parallax=\"-1800\"><img class=\"lazyload  swiper-lazy swiper-move-lazy\" style=\"\" data-src=\"https:\/\/fotonmedix.com\/wp-content\/uploads\/2025\/04\/case2-4.png\" alt=\"\"\/><\/div><div class=\"themepark_imgtext_text\" style=\"width:63%;margin:0;padding-left:5px;\" data-swiper-parallax=\"-1600\">\n<div class=\"wp-block-column is-layout-flow wp-block-column-is-layout-flow\">\n<div class=\"wp-block-themepark-block-themepark-wright content-super-p\" style=\"font-size:16px;line-height:37px;padding:10px 8px;\">\n<div class=\"wp-block-column is-layout-flow wp-block-column-is-layout-flow\">\n<p style=\"font-size:33px\"><strong>Arthrite du poignet<\/strong><\/p>\n\n\n\n<p class=\"has-text-align-left\">Irradiation compl\u00e8te par massage multi-anale et irradiation des acupoints pour les zones les plus touch\u00e9es par la maladie et les zones les moins touch\u00e9es.<\/p>\n\n\n\n<p><\/p>\n\n\n\n<div class=\"wp-block-themepark-block-themepark-xian theme_fang_out\" style=\"text-align:left;\"><div class=\"fangbox\" style=\"width:50px;height:6px;background-color:#0693e3;\"><\/div><\/div>\n\n\n\n<p><\/p>\n\n\n\n<p><strong>Protocole<\/strong>: Equin- Chronique- Musculo-squelettique- Complexe- Ligamentaire<\/p>\n\n\n\n<p><strong>Traitement<\/strong>: 1x\/jour pendant 1-2 semaines, 2-3x\/semaine pendant 1-2 semaines<\/p>\n\n\n\n<p><strong>Manipulation du traitement<\/strong>: Irradiation par massage de contact et irradiation des acupoints<\/p>\n<\/div>\n<\/div>\n<\/div>\n<\/div><div class=\"themepark_imgtext_ba\" style=\"opacity:1;\"><\/div><\/section>\n\n\n\n<div class=\"wp-block-themepark-block-themepark-xian theme_fang_out\" style=\"text-align:left;\"><div class=\"fangbox\" style=\"width:100%;height:2px;background-color:#0693e3;\"><\/div><\/div>\n\n\n\n<section class=\"wp-block-themepark-block-themepark-imgtext thempark-block themepark_imgtext moveupd  undefined nohover\" style=\"padding-bottom:63px;padding-top:26px;\"><div class=\"themepark_imgtext_img\" style=\"width:37%;margin:0;border-radius:26px;\" data-swiper-parallax=\"-1800\"><img class=\"lazyload  swiper-lazy swiper-move-lazy\" style=\"\" data-src=\"https:\/\/fotonmedix.com\/wp-content\/uploads\/2025\/04\/case3-2.png\" alt=\"\"\/><\/div><div class=\"themepark_imgtext_text\" style=\"width:63%;margin:0;padding-left:5px;\" data-swiper-parallax=\"-1600\">\n<div class=\"wp-block-column is-layout-flow wp-block-column-is-layout-flow\">\n<div class=\"wp-block-themepark-block-themepark-wright content-super-p\" style=\"font-size:16px;line-height:37px;padding:10px 8px;\">\n<div class=\"wp-block-column is-layout-flow wp-block-column-is-layout-flow\">\n<p style=\"font-size:33px\"><strong>Cicatrisation des plaies<\/strong><\/p>\n\n\n\n<p class=\"has-text-align-left\">Les traitements par PBMT ont commenc\u00e9 le 8e jour apr\u00e8s la blessure et ont \u00e9t\u00e9 effectu\u00e9s au moment du changement de pansement. Le traitement au laser a \u00e9t\u00e9 tr\u00e8s positif et a permis d'\u00e9viter l'ablation du tissu de granulation. La plaie s'est tr\u00e8s bien contract\u00e9e et les bords \u00e9pith\u00e9liaux se sont \u00e9tendus naturellement sur l'ensemble du lit de la plaie.<\/p>\n\n\n\n<p class=\"has-text-align-left\"><\/p>\n\n\n\n<p><\/p>\n\n\n\n<div class=\"wp-block-themepark-block-themepark-xian theme_fang_out\" style=\"text-align:left;\"><div class=\"fangbox\" style=\"width:50px;height:6px;background-color:#0693e3;\"><\/div><\/div>\n\n\n\n<p><\/p>\n\n\n\n<p class=\"has-text-align-left\"><strong>Protocole : <\/strong>blessures<\/p>\n\n\n\n<p><strong>Traitement :<\/strong> 1x\/jour pendant 1-2 semaines, 2-3x\/semaine pendant 1-2 semaines<\/p>\n<\/div>\n<\/div>\n<\/div>\n<\/div><div class=\"themepark_imgtext_ba\" style=\"opacity:1;\"><\/div><\/section>\n\n\n\n<section class=\"wp-block-themepark-block-themepark-area block_layout thempark-block undefined\" id=\"\" style=\"padding-bottom:21px;\" data-swiper-parallax=\"-700\"><div class=\"block_layout_in\" style=\"max-width:1270px;\">\n<div class=\"wp-block-column block_layout_in is-layout-flow wp-block-column-is-layout-flow\">\n<div class=\"wp-block-themepark-block-themepark-wright content-super-p\" style=\"font-size:16px;line-height:41px;padding:10px 8px;\">\n<div class=\"wp-block-column is-layout-flow wp-block-column-is-layout-flow\">\n<h1 class=\"wp-block-heading has-text-align-center\" id=\"homemd1\" style=\"font-size:31px;text-transform:capitalize\"><mark style=\"background-color:rgba(0, 0, 0, 0)\" class=\"has-inline-color has-black-color\">Produits recommand\u00e9s<\/mark><\/h1>\n\n\n\n<p><\/p>\n\n\n\n<div class=\"wp-block-themepark-block-themepark-xian theme_fang_out\" style=\"text-align:center;\"><div class=\"fangbox\" style=\"width:96px;height:6px;background-color:#0693e3;\"><\/div><\/div>\n<\/div>\n<\/div>\n<\/div>\n<\/div><div class=\"layout_badh\"><\/div><\/section>\n<\/div>\n<\/div><div class=\"layout_badh\"><\/div><\/section>\n\n\n<div class=\"product_loop  zhong  radius   mian_loop\" id=\"pro_list_3\"><div class=\"product_post   h_w\" ><a href=\"https:\/\/fotonmedix.com\/fr\/horsevet3000u5-html.html\/\" class=\"product_pic postatty\" ><img loading=\"lazy\" decoding=\"async\" class=\"lazyload\" src=\"https:\/\/fotonmedix.com\/wp-content\/themes\/smartenterprise\/images\/loadings.png\" data-src=\"https:\/\/fotonmedix.com\/wp-content\/uploads\/2025\/04\/\u4ea7\u54c1\u9996\u56fe\u6a21\u677f.png\" width=\"800\" height=\"800\" alt=\"HorseMedix-MAX\" title=\"HorseMedix-MAX\"\/><\/a><div class=\"product_info\"><h3 class=\"pro_title\"><a href=\"https:\/\/fotonmedix.com\/fr\/horsevet3000u5-html.html\/\">HorseMedix-MAX<\/a><\/h3><\/div><\/div><\/div>","protected":false},"excerpt":{"rendered":"","protected":false},"author":1,"featured_media":0,"parent":0,"menu_order":22,"comment_status":"open","ping_status":"closed","template":"","meta":{"themepark_post_bcolor":"#f5f5f5","themepark_post_width":"100%","themepark_post_img":"","themepark_post_img_po":"left","themepark_post_img_re":false,"themepark_post_img_cover":false,"themepark_post_img_fixed":false,"themepark_post_hide_title":true,"themepark_post_main_b":"","themepark_post_main_p":100,"themepark_paddingblock":true,"footnotes":"","_wpscp_schedule_draft_date":"","_wpscp_schedule_republish_date":"","_wpscppro_advance_schedule":false,"_wpscppro_advance_schedule_date":"","_wpscppro_dont_share_socialmedia":false,"_wpscppro_custom_social_share_image":0,"_facebook_share_type":"default","_twitter_share_type":"default","_linkedin_share_type":"default","_pinterest_share_type":"default","_linkedin_share_type_page":"default","_instagram_share_type":"default","_medium_share_type":"default","_threads_share_type":"default","_google_business_share_type":"default","_selected_social_profile":[],"_wpsp_enable_custom_social_template":false,"_wpsp_social_scheduling":{"enabled":false,"datetime":null,"platforms":[],"status":"template_only","dateOption":"today","timeOption":"now","customDays":"","customHours":"","customDate":"","customTime":"","schedulingType":"absolute"},"_wpsp_active_default_template":true},"class_list":["post-2878","page","type-page","status-publish","hentry"],"aioseo_notices":[],"_links":{"self":[{"href":"https:\/\/fotonmedix.com\/fr\/wp-json\/wp\/v2\/pages\/2878","targetHints":{"allow":["GET"]}}],"collection":[{"href":"https:\/\/fotonmedix.com\/fr\/wp-json\/wp\/v2\/pages"}],"about":[{"href":"https:\/\/fotonmedix.com\/fr\/wp-json\/wp\/v2\/types\/page"}],"author":[{"embeddable":true,"href":"https:\/\/fotonmedix.com\/fr\/wp-json\/wp\/v2\/users\/1"}],"replies":[{"embeddable":true,"href":"https:\/\/fotonmedix.com\/fr\/wp-json\/wp\/v2\/comments?post=2878"}],"version-history":[{"count":6,"href":"https:\/\/fotonmedix.com\/fr\/wp-json\/wp\/v2\/pages\/2878\/revisions"}],"predecessor-version":[{"id":12941,"href":"https:\/\/fotonmedix.com\/fr\/wp-json\/wp\/v2\/pages\/2878\/revisions\/12941"}],"wp:attachment":[{"href":"https:\/\/fotonmedix.com\/fr\/wp-json\/wp\/v2\/media?parent=2878"}],"curies":[{"name":"wp","href":"https:\/\/api.w.org\/{rel}","templated":true}]}}