{"id":6111,"date":"2025-06-19T15:55:17","date_gmt":"2025-06-19T07:55:17","guid":{"rendered":"https:\/\/fotonmedix.com\/?page_id=6111"},"modified":"2025-06-19T18:01:09","modified_gmt":"2025-06-19T10:01:09","slug":"dermatological-conditions","status":"publish","type":"page","link":"https:\/\/fotonmedix.com\/pt\/dermatological-conditions\/","title":{"rendered":"Doen\u00e7as dermatol\u00f3gicas"},"content":{"rendered":"<section class=\"wp-block-themepark-block-themepark-area block_layout thempark-block undefined bom100 top100\" id=\"\" style=\"padding-top:258px;height:600px;box-sizing: border-box;width: 100%;\" data-swiper-parallax=\"-700\"><div class=\"block_layout_in\" style=\"\">\n<div class=\"wp-block-column block_layout_in is-layout-flow wp-block-column-is-layout-flow\">\n<h2 class=\"wp-block-heading has-text-align-center has-monte-white-color has-text-color has-large-font-size\"><span style=\"color: rgb(209, 213, 219); font-family: S\u00f6hne, ui-sans-serif, system-ui, -apple-system, &quot;Segoe UI&quot;, Roboto, Ubuntu, Cantarell, &quot;Noto Sans&quot;, sans-serif, &quot;Helvetica Neue&quot;, Arial, &quot;Apple Color Emoji&quot;, &quot;Segoe UI Emoji&quot;, &quot;Segoe UI Symbol&quot;, &quot;Noto Color Emoji&quot;; font-size: 16px; font-style: normal; font-variant-ligatures: normal; font-variant-caps: normal; font-weight: 400; letter-spacing: normal; orphans: 2; text-align: left; text-indent: 0px; text-transform: none; widows: 2; word-spacing: 0px; -webkit-text-stroke-width: 0px; white-space: pre-wrap; background-color: rgb(68, 70, 84); text-decoration-thickness: initial; text-decoration-style: initial; text-decoration-color: initial; display: inline !important; float: none;\"><\/span>Doen\u00e7as dermatol\u00f3gicas<\/h2>\n\n\n\n<p class=\"has-text-align-center has-monte-white-color has-text-color has-normal-font-size\" style=\"text-transform:capitalize\">Anti-inflama\u00e7\u00e3o - Al\u00edvio da dor - Pr\u00f3-cura - Reduzir o incha\u00e7o<\/p>\n\n\n\n<p class=\"has-text-align-center has-monte-white-color has-text-color has-normal-font-size\" style=\"text-transform:capitalize\"><\/p>\n<\/div>\n<\/div><div class=\"layout_badh\"><div class=\"shizhezhao\" style=\"opacity:0.2;background-color:#000000;\"><\/div><div class=\"PcOnly themepark-block_layout_ba lazyload swiper-lazy  jttj\" style=\"background-repeat:no-repeat;background-size:cover;background-position:center;\" data-background=\"https:\/\/fotonmedix.com\/wp-content\/uploads\/2025\/06\/banner.jpg\"><\/div><div class=\"MovePnly themepark-block_layout_ba lazyload swiper-move-lazy jttj\" style=\"background-repeat:no-repeat;background-size:cover;background-position:center;\" data-background=\"https:\/\/fotonmedix.com\/wp-content\/uploads\/2025\/06\/banner.jpg\"><\/div><\/div><\/section>\n\n\n\n<section class=\"wp-block-themepark-block-themepark-area block_layout thempark-block undefined\" id=\"\" style=\"background-color:#ffffff;padding-bottom:23px;padding-top:15px;\" data-swiper-parallax=\"-700\"><div class=\"block_layout_in\" style=\"\">\n<div class=\"wp-block-column block_layout_in is-layout-flow wp-block-column-is-layout-flow\">\n<section class=\"wp-block-themepark-block-themepark-imgtext thempark-block themepark_imgtext leftright moveupd  undefined nohover\" style=\"\"><div class=\"themepark_imgtext_img\" style=\"width:49%;margin:0;border-radius:31px;\" data-swiper-parallax=\"-1800\"><img class=\"lazyload  swiper-lazy swiper-move-lazy\" style=\"\" data-src=\"https:\/\/fotonmedix.com\/wp-content\/uploads\/2025\/06\/619-5.jpg\" alt=\"\"\/><\/div><div class=\"themepark_imgtext_text\" style=\"width:51%;margin:0;padding-right:46px;\" data-swiper-parallax=\"-1600\">\n<div class=\"wp-block-column is-layout-flow wp-block-column-is-layout-flow\">\n<div class=\"wp-block-themepark-block-themepark-wright content-super-p\" style=\"font-size:16px;line-height:37px;padding:10px 8px;\">\n<div class=\"wp-block-column is-layout-flow wp-block-column-is-layout-flow\">\n<h1 class=\"wp-block-heading has-text-align-left has-large-font-size\" id=\"homemd1\" style=\"text-transform:uppercase\">Fisioterapia dermatol\u00f3gica<\/h1>\n\n\n\n<p style=\"font-size:20px;letter-spacing:0px\"><strong>Princ\u00edpios da terapia com laser<\/strong><\/p>\n\n\n\n<div class=\"wp-block-themepark-block-themepark-xian theme_fang_out\" style=\"text-align:left;\"><div class=\"fangbox\" style=\"width:50px;height:6px;background-color:#0693e3;\"><\/div><\/div>\n\n\n\n<p>A terapia laser de alta energia tem efeitos anti-inflamat\u00f3rios, de al\u00edvio da dor e de promo\u00e7\u00e3o da cicatriza\u00e7\u00e3o de feridas. A investiga\u00e7\u00e3o mostra que tem uma vasta gama de aplica\u00e7\u00f5es no dom\u00ednio das doen\u00e7as dermatol\u00f3gicas. Por exemplo, pode ser utilizada para tratar o acne, o fotorejuvenescimento, o crescimento do cabelo, a cicatriza\u00e7\u00e3o de feridas, as \u00falceras orais, etc.<\/p>\n<\/div>\n<\/div>\n<\/div>\n<\/div><div class=\"themepark_imgtext_ba\" style=\"opacity:1;\"><\/div><\/section>\n\n\n\n<section class=\"wp-block-themepark-block-themepark-imgtext thempark-block themepark_imgtext moveupd  undefined nohover\" style=\"padding-bottom:1px;padding-top:18px;\"><div class=\"themepark_imgtext_img\" style=\"width:50%;margin:0;text-align:left;border-radius:33px;\" data-swiper-parallax=\"-1800\"><img class=\"lazyload  swiper-lazy swiper-move-lazy\" style=\"\" data-src=\"https:\/\/fotonmedix.com\/wp-content\/uploads\/2025\/06\/619-4.jpg\" alt=\"\"\/><\/div><div class=\"themepark_imgtext_text\" style=\"width:50%;margin:0;text-align:left;padding-left:8px;\" data-swiper-parallax=\"-1600\">\n<div class=\"wp-block-column is-layout-flow wp-block-column-is-layout-flow\">\n<div class=\"wp-block-themepark-block-themepark-wright content-super-p\" style=\"font-size:16px;line-height:37px;padding:10px 42px;\">\n<div class=\"wp-block-column is-layout-flow wp-block-column-is-layout-flow\">\n<h1 class=\"wp-block-heading has-text-align-left has-large-font-size\" id=\"homemd1\" style=\"text-transform:uppercase\">INDICA\u00c7\u00d5ES:<\/h1>\n\n\n\n<p><\/p>\n\n\n\n<div class=\"wp-block-themepark-block-themepark-xian theme_fang_out\" style=\"text-align:left;\"><div class=\"fangbox\" style=\"width:50px;height:6px;background-color:#0693e3;\"><\/div><\/div>\n\n\n\n<section class=\"wp-block-themepark-block-themepark-listbox thempark-block themepark_listbox\" style=\"padding-top:11px;text-align:left;\"><ul class=\"themepark_listbox_list\" style=\"padding-left:2%;padding-right:2%;\"><li style=\"font-size:16px;line-height:26px;margin-bottom:3px;padding-left:31px;\"><i class=\"fas fa-check-circle\" style=\"line-height:26px\"><\/i><span>Acne<\/span><\/li><li style=\"font-size:16px;line-height:26px;margin-bottom:3px;padding-left:31px;\"><i class=\"fas fa-check-circle\" style=\"line-height:26px\"><\/i><span>Fotorejuvenescimento<\/span><\/li><li style=\"font-size:16px;line-height:26px;margin-bottom:3px;padding-left:31px;\"><i class=\"fas fa-check-circle\" style=\"line-height:26px\"><\/i><span>Crescimento do cabelo<\/span><\/li><li style=\"font-size:16px;line-height:26px;margin-bottom:3px;padding-left:31px;\"><i class=\"fas fa-check-circle\" style=\"line-height:26px\"><\/i><span>Cicatriza\u00e7\u00e3o de feridas<\/span><\/li><li style=\"font-size:16px;line-height:26px;margin-bottom:3px;padding-left:31px;\"><i class=\"fas fa-check-circle\" style=\"line-height:26px\"><\/i><span>\u00dalceras orais<\/span><\/li><\/ul><div class=\"themepark_listbox_ba\" style=\"opacity:1;\"><\/div><\/section>\n<\/div>\n<\/div>\n<\/div>\n<\/div><div class=\"themepark_imgtext_ba\" style=\"opacity:1;\"><\/div><\/section>\n<\/div>\n<\/div><div class=\"layout_badh\"><div class=\"shizhezhao\" style=\"opacity:0.59;background-color:#ffffff;\"><\/div><div class=\"PcOnly themepark-block_layout_ba lazyload swiper-lazy\" style=\"background-repeat:no-repeat;background-size:cover;\" data-background=\"https:\/\/fotonmedix.com\/wp-content\/uploads\/2023\/10\/15276012_5570869-scaled-1.jpg\"><\/div><div class=\"MovePnly themepark-block_layout_ba lazyload swiper-move-lazy\" style=\"background-repeat:no-repeat;background-size:cover;\" data-background=\"https:\/\/fotonmedix.com\/wp-content\/uploads\/2023\/10\/15276012_5570869-scaled-1.jpg\"><\/div><\/div><\/section>\n\n\n\n<section class=\"wp-block-themepark-block-themepark-area block_layout thempark-block undefined\" id=\"\" style=\"padding-top:3px;\" data-swiper-parallax=\"-700\"><div class=\"block_layout_in\" style=\"max-width:1270px;\">\n<div class=\"wp-block-column block_layout_in is-layout-flow wp-block-column-is-layout-flow\">\n<div class=\"wp-block-themepark-block-themepark-wright content-super-p\" style=\"font-size:16px;line-height:41px;padding:10px 8px;\">\n<div class=\"wp-block-column is-layout-flow wp-block-column-is-layout-flow\">\n<h1 class=\"wp-block-heading has-text-align-center has-bonkers-font-size\" id=\"homemd1\" style=\"text-transform:uppercase\">Caso de um doente<\/h1>\n\n\n\n<p><\/p>\n\n\n\n<div class=\"wp-block-themepark-block-themepark-xian theme_fang_out\" style=\"text-align:center;\"><div class=\"fangbox\" style=\"width:96px;height:6px;background-color:#0693e3;\"><\/div><\/div>\n<\/div>\n<\/div>\n\n\n\n<section class=\"wp-block-themepark-block-themepark-imgtext thempark-block themepark_imgtext moveupd  undefined nohover\" style=\"padding-bottom:63px;\"><div class=\"themepark_imgtext_img\" style=\"width:37%;margin:0;border-radius:26px;\" data-swiper-parallax=\"-1800\"><img class=\"lazyload  swiper-lazy swiper-move-lazy\" style=\"\" data-src=\"https:\/\/fotonmedix.com\/wp-content\/uploads\/2025\/06\/p3.png\" alt=\"\"\/><\/div><div class=\"themepark_imgtext_text\" style=\"width:63%;margin:0;\" data-swiper-parallax=\"-1600\">\n<div class=\"wp-block-column is-layout-flow wp-block-column-is-layout-flow\">\n<div class=\"wp-block-themepark-block-themepark-wright content-super-p\" style=\"font-size:16px;line-height:30px;padding:10px 8px;\">\n<div class=\"wp-block-column is-layout-flow wp-block-column-is-layout-flow\">\n<p style=\"font-size:33px\"><strong>Perda de cabelo<\/strong><\/p>\n\n\n\n<p class=\"has-text-align-left\">A queda de cabelo p\u00f3s-parto \u00e9 conhecida como queda de cabelo p\u00f3s-natal em repouso e \u00e9 causada por altera\u00e7\u00f5es nos n\u00edveis de progesterona e estrog\u00e9nio. Ocorre normalmente 2-6 meses ap\u00f3s o parto e cerca de 35-40 por cento das m\u00e3es sofrem de queda de cabelo. \u00c9 normalmente tratada com luzes LED de baixa pot\u00eancia, mas o tratamento com laser de alta energia tem um efeito de tratamento mais eficaz...<\/p>\n\n\n\n<div class=\"wp-block-themepark-block-themepark-xian theme_fang_out\" style=\"text-align:left;\"><div class=\"fangbox\" style=\"width:50px;height:6px;background-color:#0693e3;\"><\/div><\/div>\n\n\n\n<p><strong>Plano de tratamento:<\/strong> <\/p>\n\n\n\n<figure class=\"wp-block-image size-full\"><img loading=\"lazy\" decoding=\"async\" width=\"1173\" height=\"164\" src=\"https:\/\/fotonmedix.com\/wp-content\/uploads\/2025\/06\/p1-3-2.png\" alt=\"\" class=\"wp-image-6146\" srcset=\"https:\/\/fotonmedix.com\/wp-content\/uploads\/2025\/06\/p1-3-2.png 1173w, https:\/\/fotonmedix.com\/wp-content\/uploads\/2025\/06\/p1-3-2-300x42.png 300w, https:\/\/fotonmedix.com\/wp-content\/uploads\/2025\/06\/p1-3-2-1024x143.png 1024w, https:\/\/fotonmedix.com\/wp-content\/uploads\/2025\/06\/p1-3-2-768x107.png 768w, https:\/\/fotonmedix.com\/wp-content\/uploads\/2025\/06\/p1-3-2-18x3.png 18w\" sizes=\"auto, (max-width: 1173px) 100vw, 1173px\" \/><\/figure>\n<\/div>\n<\/div>\n<\/div>\n<\/div><div class=\"themepark_imgtext_ba\" style=\"opacity:1;\"><\/div><\/section>\n\n\n\n<div class=\"wp-block-themepark-block-themepark-xian theme_fang_out\" style=\"text-align:left;\"><div class=\"fangbox\" style=\"width:100%;height:2px;background-color:#0693e3;\"><\/div><\/div>\n\n\n\n<section class=\"wp-block-themepark-block-themepark-imgtext thempark-block themepark_imgtext moveupd  undefined nohover\" style=\"padding-bottom:63px;\"><div class=\"themepark_imgtext_img\" style=\"width:37%;margin:0;border-radius:26px;\" data-swiper-parallax=\"-1800\"><img class=\"lazyload  swiper-lazy swiper-move-lazy\" style=\"\" data-src=\"https:\/\/fotonmedix.com\/wp-content\/uploads\/2025\/06\/p2-2.png\" alt=\"\"\/><\/div><div class=\"themepark_imgtext_text\" style=\"width:63%;margin:0;\" data-swiper-parallax=\"-1600\">\n<div class=\"wp-block-column is-layout-flow wp-block-column-is-layout-flow\">\n<div class=\"wp-block-themepark-block-themepark-wright content-super-p\" style=\"font-size:16px;line-height:30px;padding:10px 8px;\">\n<div class=\"wp-block-column is-layout-flow wp-block-column-is-layout-flow\">\n<p style=\"font-size:28px\"><strong>Melhorar a hiperpigmenta\u00e7\u00e3o e as r\u00eddulas<\/strong><\/p>\n\n\n\n<p class=\"has-text-align-left\">Devido \u00e0 secre\u00e7\u00e3o da hormona luteinizante durante a gravidez, associada a v\u00e1rios factores, como a falta de sono devido aos cuidados a um rec\u00e9m-nascido ou a uma vida stressante, a pele de muitas m\u00e3es recentes tamb\u00e9m sofre altera\u00e7\u00f5es. A utiliza\u00e7\u00e3o da terapia laser pode regular a melanina, acelerar o crescimento do colag\u00e9nio e das fibras, para conseguir o branqueamento, o rejuvenescimento e reduzir o papel das r\u00eddulas.<\/p>\n\n\n\n<div class=\"wp-block-themepark-block-themepark-xian theme_fang_out\" style=\"text-align:left;\"><div class=\"fangbox\" style=\"width:50px;height:6px;background-color:#0693e3;\"><\/div><\/div>\n\n\n\n<p><strong>Plano de tratamento:<\/strong> <\/p>\n\n\n<div class=\"wp-block-image\">\n<figure class=\"alignleft size-full\"><img loading=\"lazy\" decoding=\"async\" width=\"1176\" height=\"169\" src=\"https:\/\/fotonmedix.com\/wp-content\/uploads\/2025\/06\/p4-2.png\" alt=\"\" class=\"wp-image-6150\" style=\"object-fit:cover\" srcset=\"https:\/\/fotonmedix.com\/wp-content\/uploads\/2025\/06\/p4-2.png 1176w, https:\/\/fotonmedix.com\/wp-content\/uploads\/2025\/06\/p4-2-300x43.png 300w, https:\/\/fotonmedix.com\/wp-content\/uploads\/2025\/06\/p4-2-1024x147.png 1024w, https:\/\/fotonmedix.com\/wp-content\/uploads\/2025\/06\/p4-2-768x110.png 768w, https:\/\/fotonmedix.com\/wp-content\/uploads\/2025\/06\/p4-2-18x3.png 18w\" sizes=\"auto, (max-width: 1176px) 100vw, 1176px\" \/><\/figure>\n<\/div><\/div>\n<\/div>\n<\/div>\n<\/div><div class=\"themepark_imgtext_ba\" style=\"opacity:1;\"><\/div><\/section>\n<\/div>\n<\/div><div class=\"layout_badh\"><\/div><\/section>\n\n\n\n<section class=\"wp-block-themepark-block-themepark-area block_layout thempark-block undefined\" id=\"\" style=\"padding-bottom:21px;\" data-swiper-parallax=\"-700\"><div class=\"block_layout_in\" style=\"max-width:1270px;\">\n<div class=\"wp-block-column block_layout_in is-layout-flow wp-block-column-is-layout-flow\">\n<div class=\"wp-block-themepark-block-themepark-wright content-super-p\" style=\"font-size:16px;line-height:41px;padding:10px 8px;\">\n<div class=\"wp-block-column is-layout-flow wp-block-column-is-layout-flow\">\n<h1 class=\"wp-block-heading has-text-align-center\" id=\"homemd1\" style=\"font-size:31px;text-transform:capitalize\"><mark style=\"background-color:rgba(0, 0, 0, 0)\" class=\"has-inline-color has-black-color\">Produtos recomendados<\/mark><\/h1>\n\n\n\n<p><\/p>\n\n\n\n<div class=\"wp-block-themepark-block-themepark-xian theme_fang_out\" style=\"text-align:center;\"><div class=\"fangbox\" style=\"width:96px;height:6px;background-color:#0693e3;\"><\/div><\/div>\n<\/div>\n<\/div>\n<\/div>\n<\/div><div class=\"layout_badh\"><\/div><\/section>\n\n\n<div class=\"product_loop  zhong  radius   mian_loop\" id=\"pro_list_3\"><div class=\"product_post   h_w\" ><a href=\"https:\/\/fotonmedix.com\/pt\/lasermedix-plus.html\/\" class=\"product_pic postatty\" ><img loading=\"lazy\" decoding=\"async\" class=\"lazyload\" src=\"https:\/\/fotonmedix.com\/wp-content\/themes\/smartenterprise\/images\/loadings.png\" data-src=\"https:\/\/fotonmedix.com\/wp-content\/uploads\/2025\/04\/2-17.png\" width=\"800\" height=\"800\" alt=\"LaserMedix-Plus\" title=\"LaserMedix-Plus\"\/><\/a><div class=\"product_info\"><h3 class=\"pro_title\"><a href=\"https:\/\/fotonmedix.com\/pt\/lasermedix-plus.html\/\">LaserMedix-Plus<\/a><\/h3><\/div><\/div><div class=\"product_post   h_w\" ><a href=\"https:\/\/fotonmedix.com\/pt\/lasermedix4500u1.html\/\" class=\"product_pic postatty\" ><img loading=\"lazy\" decoding=\"async\" class=\"lazyload\" src=\"https:\/\/fotonmedix.com\/wp-content\/themes\/smartenterprise\/images\/loadings.png\" data-src=\"https:\/\/fotonmedix.com\/wp-content\/uploads\/2025\/04\/B2.png\" width=\"800\" height=\"800\" alt=\"LaserMedix-Pro\" title=\"LaserMedix-Pro\"\/><\/a><div class=\"product_info\"><h3 class=\"pro_title\"><a href=\"https:\/\/fotonmedix.com\/pt\/lasermedix4500u1.html\/\">LaserMedix-Pro<\/a><\/h3><\/div><\/div><div class=\"product_post   h_w\" ><a href=\"https:\/\/fotonmedix.com\/pt\/lasermedix3000u5.html\/\" class=\"product_pic postatty\" ><img loading=\"lazy\" decoding=\"async\" class=\"lazyload\" src=\"https:\/\/fotonmedix.com\/wp-content\/themes\/smartenterprise\/images\/loadings.png\" data-src=\"https:\/\/fotonmedix.com\/wp-content\/uploads\/2023\/10\/3-2.png\" width=\"800\" height=\"800\" alt=\"LaserMedix-Max\" title=\"LaserMedix-Max\"\/><\/a><div class=\"product_info\"><h3 class=\"pro_title\"><a href=\"https:\/\/fotonmedix.com\/pt\/lasermedix3000u5.html\/\">LaserMedix-Max<\/a><\/h3><\/div><\/div><\/div>","protected":false},"excerpt":{"rendered":"","protected":false},"author":1,"featured_media":0,"parent":0,"menu_order":27,"comment_status":"open","ping_status":"closed","template":"","meta":{"themepark_post_bcolor":"#f5f5f5","themepark_post_width":"100%","themepark_post_img":"","themepark_post_img_po":"left","themepark_post_img_re":false,"themepark_post_img_cover":false,"themepark_post_img_fixed":false,"themepark_post_hide_title":true,"themepark_post_main_b":"","themepark_post_main_p":100,"themepark_paddingblock":true,"footnotes":"","_wpscp_schedule_draft_date":"","_wpscp_schedule_republish_date":"","_wpscppro_advance_schedule":false,"_wpscppro_advance_schedule_date":"","_wpscppro_dont_share_socialmedia":false,"_wpscppro_custom_social_share_image":0,"_facebook_share_type":"","_twitter_share_type":"","_linkedin_share_type":"","_pinterest_share_type":"","_linkedin_share_type_page":"","_instagram_share_type":"","_medium_share_type":"","_threads_share_type":"","_google_business_share_type":"","_selected_social_profile":[],"_wpsp_enable_custom_social_template":false,"_wpsp_social_scheduling":{"enabled":false,"datetime":null,"platforms":[],"status":"template_only","dateOption":"today","timeOption":"now","customDays":"","customHours":"","customDate":"","customTime":"","schedulingType":"absolute"},"_wpsp_active_default_template":true},"class_list":["post-6111","page","type-page","status-publish","hentry"],"aioseo_notices":[],"_links":{"self":[{"href":"https:\/\/fotonmedix.com\/pt\/wp-json\/wp\/v2\/pages\/6111","targetHints":{"allow":["GET"]}}],"collection":[{"href":"https:\/\/fotonmedix.com\/pt\/wp-json\/wp\/v2\/pages"}],"about":[{"href":"https:\/\/fotonmedix.com\/pt\/wp-json\/wp\/v2\/types\/page"}],"author":[{"embeddable":true,"href":"https:\/\/fotonmedix.com\/pt\/wp-json\/wp\/v2\/users\/1"}],"replies":[{"embeddable":true,"href":"https:\/\/fotonmedix.com\/pt\/wp-json\/wp\/v2\/comments?post=6111"}],"version-history":[{"count":15,"href":"https:\/\/fotonmedix.com\/pt\/wp-json\/wp\/v2\/pages\/6111\/revisions"}],"predecessor-version":[{"id":6151,"href":"https:\/\/fotonmedix.com\/pt\/wp-json\/wp\/v2\/pages\/6111\/revisions\/6151"}],"wp:attachment":[{"href":"https:\/\/fotonmedix.com\/pt\/wp-json\/wp\/v2\/media?parent=6111"}],"curies":[{"name":"wp","href":"https:\/\/api.w.org\/{rel}","templated":true}]}}