{"id":617,"date":"2025-03-25T16:28:37","date_gmt":"2025-03-25T08:28:37","guid":{"rendered":"https:\/\/fotonmedix.com\/?page_id=617"},"modified":"2025-07-30T10:39:49","modified_gmt":"2025-07-30T02:39:49","slug":"sobre-a-fotonmedix","status":"publish","type":"page","link":"https:\/\/fotonmedix.com\/pt\/sobre-a-fotonmedix\/","title":{"rendered":"Sobre a Fotonmedix"},"content":{"rendered":"<section class=\"wp-block-themepark-block-themepark-area block_layout thempark-block undefined bom100 top100 visible\" id=\"\" style=\"padding-top:258px;height:600px;box-sizing: border-box;width: 100%;\" data-swiper-parallax=\"-700\"><div class=\"block_layout_in clomnnone\" style=\"\">\n<div class=\"wp-block-column block_layout_in is-layout-flow wp-block-column-is-layout-flow\">\n<h2 class=\"wp-block-heading has-text-align-center has-monte-white-color has-text-color has-large-font-size\" style=\"letter-spacing:0px\">SOBRE A FOTONMEDIX<\/h2>\n\n\n\n<p class=\"has-text-align-center has-monte-white-color has-text-color has-normal-font-size\" style=\"text-transform:capitalize\">Lasers terap\u00eauticos de pr\u00f3xima gera\u00e7\u00e3o<\/p>\n<\/div>\n<\/div><div class=\"layout_badh\"><div class=\"PcOnly themepark-block_layout_ba lazyload swiper-lazy  jttj\" style=\"background-repeat:no-repeat;background-size:cover;background-position:center;\" data-background=\"https:\/\/fotonmedix.com\/wp-content\/uploads\/2025\/07\/\u672a\u6807\u9898-1-22.jpg\"><\/div><div class=\"MovePnly themepark-block_layout_ba lazyload swiper-move-lazy jttj\" style=\"background-repeat:no-repeat;background-size:cover;background-position:center;\" data-background=\"https:\/\/fotonmedix.com\/wp-content\/uploads\/2025\/07\/\u672a\u6807\u9898-1-22.jpg\"><\/div><\/div><\/section>\n\n\n\n<section class=\"wp-block-themepark-block-themepark-area block_layout thempark-block undefined\" id=\"\" style=\"padding-bottom:44px;padding-top:30px;\" data-swiper-parallax=\"-700\"><div class=\"block_layout_in\" style=\"\">\n<div class=\"wp-block-column block_layout_in is-layout-flow wp-block-column-is-layout-flow\">\n<section class=\"wp-block-themepark-block-themepark-imgtext thempark-block themepark_imgtext updonwmodle leftright undefined\" style=\"\"><div class=\"themepark_imgtext_text\" style=\"\" data-swiper-parallax=\"-1600\">\n<div class=\"wp-block-column is-layout-flow wp-block-column-is-layout-flow\">\n<div class=\"wp-block-themepark-block-themepark-wright content-super-p\" style=\"font-size:16px;line-height:32px; border:3px #f1f1f1 dashed;padding:20px 20px;\">\n<div class=\"wp-block-column is-layout-flow wp-block-column-is-layout-flow\">\n<p>A Fotonmedix \u00e9 um fabricante inovador de equipamento m\u00e9dico a laser de alta energia e de motores laser essenciais, centrando-se na tecnologia essencial do tratamento m\u00e9dico a laser de alta energia h\u00e1 quase 20 anos. Os produtos abrangem equipamento de cirurgia a laser minimamente invasivo, v\u00e1rias fibras \u00f3pticas m\u00e9dicas, equipamento de reabilita\u00e7\u00e3o e cura a laser de alta energia e equipamento est\u00e9tico m\u00e9dico a laser. Baseando-se em tecnologia avan\u00e7ada <a href=\"https:\/\/fotonmedix.com\/pt\/clinical-efficacy-of-rhinitis-laser-therapy-devices-integrating-class-4-laser-therapy-into-modern-ent-practice.html\/\" title=\"Efic\u00e1cia cl\u00ednica dos dispositivos de terapia laser para a rinite: Integra\u00e7\u00e3o da terapia com laser de classe 4 na pr\u00e1tica moderna de otorrinolaringologia\"  data-wpil-monitor-id=\"567\">tecnologia laser e cl\u00ednica m\u00e9dica de ponta<\/a> investiga\u00e7\u00e3o, os produtos s\u00e3o exportados para os principais pa\u00edses desenvolvidos do mundo.<\/p>\n\n\n\n<p><\/p>\n\n\n\n<p>A Fotonmedix e o Instituto de Investiga\u00e7\u00e3o Tsinghua do Estreito estabeleceram conjuntamente o \"Laborat\u00f3rio Conjunto de Medicina Laser de Alta Intensidade e Semicondutores\". Est\u00e3o a impulsionar a inova\u00e7\u00e3o da tecnologia laser de semicondutores, penetrando profundamente na cl\u00ednica m\u00e9dica.<\/p>\n<\/div>\n<\/div>\n\n\n\n<div class=\"wp-block-themepark-block-themepark-xian theme_fang_out\" style=\"text-align:center;\"><div class=\"fangbox\" style=\"width:95px;height:11px;background-color:#0693e3;\"><\/div><\/div>\n\n\n\n<p><\/p>\n\n\n\n<section class=\"wp-block-themepark-block-themepark-listul thempark-block list_ul_box_out  Effect0 undefined showtext qik\" style=\"padding-bottom:8px;padding-top:6px;undefined\" swlist=\"5\" progresseffect=\"0\" autoplays=\"1\" line=\"1\" loops=\"no\"><div class=\"swiper-container showslidebox_out  listpadings showslidebox_full\"><div class=\"swiper-wrapper\"><div class=\"swiper-slide listul_box\" style=\"border-radius:20px;overflow: hidden;;\"><a class=\"listul_box_img\" style=\"\"><div style=\"\" class=\"listulpic\"><img loading=\"lazy\" decoding=\"async\" class=\"swiper-lazy swiper-move-lazy lazyload\" data-src=\"https:\/\/fotonmedix.com\/wp-content\/uploads\/2025\/05\/1.jpg\" src=\"https:\/\/fotonmedix.com\/wp-content\/themes\/smartenterprise\/images\/loading3.png\" alt=\"Acumula\u00e7\u00f5es profundas da ind\u00fastria...\" width=\"380\" height=\"600\"\/><\/div><div class=\"zhezhao\"><\/div><div class=\"listul_box_text\" style=\"padding-top:22%;text-align:center;\"><h3 class=\"pcimg_title\" style=\"font-size:23px;color:#ffffff;\"><span>Acumula\u00e7\u00f5es profundas na ind\u00fastria<\/span><span>--<\/span><\/h3><font class=\"pcimg_dis\" style=\"font-size:13px;color:#ffffff;\"><span>16 anos de experi\u00eancia em I&amp;D de laser m\u00e9dico<\/span><\/font><\/div><\/a><\/div><div class=\"swiper-slide listul_box\" style=\"border-radius:20px;overflow: hidden;;\"><a class=\"listul_box_img\" style=\"\"><div style=\"\" class=\"listulpic\"><img loading=\"lazy\" decoding=\"async\" class=\"swiper-lazy swiper-move-lazy lazyload\" data-src=\"https:\/\/fotonmedix.com\/wp-content\/uploads\/2025\/04\/2-5.jpg\" src=\"https:\/\/fotonmedix.com\/wp-content\/themes\/smartenterprise\/images\/loading3.png\" alt=\"Tecnologia LASER...\" width=\"380\" height=\"600\"\/><\/div><div class=\"zhezhao\"><\/div><div class=\"listul_box_text\" style=\"padding-top:22%;text-align:center;\"><h3 class=\"pcimg_title\" style=\"font-size:23px;color:#ffffff;\"><span>Tecnologia LASER<\/span><span>--<\/span><\/h3><font class=\"pcimg_dis\" style=\"font-size:13px;color:#ffffff;\"><span>Especializada em I&amp;D e produ\u00e7\u00e3o de motores laser de \u00faltima gera\u00e7\u00e3o para acionar lasers m\u00e9dicos de \u00faltima gera\u00e7\u00e3o<\/span><\/font><\/div><\/a><\/div><div class=\"swiper-slide listul_box\" style=\"border-radius:20px;overflow: hidden;;\"><a class=\"listul_box_img\" style=\"\"><div style=\"\" class=\"listulpic\"><img loading=\"lazy\" decoding=\"async\" class=\"swiper-lazy swiper-move-lazy lazyload\" data-src=\"https:\/\/fotonmedix.com\/wp-content\/uploads\/2025\/04\/3-1.jpg\" src=\"https:\/\/fotonmedix.com\/wp-content\/themes\/smartenterprise\/images\/loading3.png\" alt=\"Laborat\u00f3rio LASER...\" width=\"380\" height=\"600\"\/><\/div><div class=\"zhezhao\"><\/div><div class=\"listul_box_text\" style=\"padding-top:22%;text-align:center;\"><h3 class=\"pcimg_title\" style=\"font-size:23px;color:#ffffff;\"><span>Laborat\u00f3rio LASER<\/span><span>--<\/span><\/h3><font class=\"pcimg_dis\" style=\"font-size:13px;color:#ffffff;\"><span>Colabora\u00e7\u00e3o com o Laborat\u00f3rio de Medicina Laser de Alta Energia do Estreito de Tsinghua para aplica\u00e7\u00f5es de ponta em medicina laser<\/span><\/font><\/div><\/a><\/div><div class=\"swiper-slide listul_box\" style=\"border-radius:20px;overflow: hidden;;\"><a class=\"listul_box_img\" style=\"\"><div style=\"\" class=\"listulpic\"><img loading=\"lazy\" decoding=\"async\" class=\"swiper-lazy swiper-move-lazy lazyload\" data-src=\"https:\/\/fotonmedix.com\/wp-content\/uploads\/2025\/05\/4-1.jpg\" src=\"https:\/\/fotonmedix.com\/wp-content\/themes\/smartenterprise\/images\/loading3.png\" alt=\"Linha de produ\u00e7\u00e3o avan\u00e7ada...\" width=\"380\" height=\"600\"\/><\/div><div class=\"zhezhao\"><\/div><div class=\"listul_box_text\" style=\"padding-top:22%;text-align:center;\"><h3 class=\"pcimg_title\" style=\"font-size:23px;color:#ffffff;\"><span>Linha de produ\u00e7\u00e3o avan\u00e7ada<\/span><span>--<\/span><\/h3><font class=\"pcimg_dis\" style=\"font-size:13px;color:#ffffff;\"><span>6000\u33a1+ Oficina de produ\u00e7\u00e3o moderna<\/span><span>Sala limpa classe 1000<\/span><\/font><\/div><\/a><\/div><div class=\"swiper-slide listul_box\" style=\"border-radius:20px;overflow: hidden;;\"><a class=\"listul_box_img\" style=\"\"><div style=\"\" class=\"listulpic\"><img loading=\"lazy\" decoding=\"async\" class=\"swiper-lazy swiper-move-lazy lazyload\" data-src=\"https:\/\/fotonmedix.com\/wp-content\/uploads\/2025\/05\/5.jpg\" src=\"https:\/\/fotonmedix.com\/wp-content\/themes\/smartenterprise\/images\/loading3.png\" alt=\"Certifica\u00e7\u00e3o...\" width=\"380\" height=\"600\"\/><\/div><div class=\"zhezhao\"><\/div><div class=\"listul_box_text\" style=\"padding-top:22%;text-align:center;\"><h3 class=\"pcimg_title\" style=\"font-size:23px;color:#ffffff;\"><span>Certifica\u00e7\u00e3o<\/span><span>--<\/span><\/h3><font class=\"pcimg_dis\" style=\"font-size:13px;color:#ffffff;\"><span>FDA CE ISO 13485 RoHS IEC<\/span><\/font><\/div><\/a><\/div><\/div><div class=\"pagination MovePnly\"><\/div><\/div><\/section>\n<\/div>\n<\/div><div class=\"themepark_imgtext_img\" style=\"\" data-swiper-parallax=\"-1800\"><\/div><div class=\"themepark_imgtext_ba\" style=\"opacity:1;\"><\/div><\/section>\n<\/div>\n<\/div><div class=\"layout_badh\"><div class=\"shizhezhao\" style=\"opacity:0.92;background-color:#ffffff;\"><\/div><div class=\"PcOnly themepark-block_layout_ba lazyload swiper-lazy\" style=\"background-repeat:no-repeat;background-size:cover;background-attachment:fixed;background-position:center;\" data-background=\"https:\/\/fotonmedix.com\/wp-content\/uploads\/2023\/10\/wh1.jpg\"><\/div><div class=\"MovePnly themepark-block_layout_ba lazyload swiper-move-lazy\" style=\"background-repeat:no-repeat;background-size:cover;background-attachment:fixed;background-position:center;\" data-background=\"https:\/\/fotonmedix.com\/wp-content\/uploads\/2023\/10\/wh1.jpg\"><\/div><\/div><\/section>\n\n\n\n<section class=\"wp-block-themepark-block-themepark-area block_layout thempark-block undefined\" id=\"\" style=\"background-color:#ffffff;padding-bottom:42px;\" data-swiper-parallax=\"-700\"><div class=\"block_layout_in\" style=\"\">\n<div class=\"wp-block-column block_layout_in is-layout-flow wp-block-column-is-layout-flow\">\n<div class=\"wp-block-themepark-block-themepark-wright content-super-p\" style=\"font-size:16px;line-height:41px;padding:10px 8px;\">\n<div class=\"wp-block-column is-layout-flow wp-block-column-is-layout-flow\">\n<div class=\"wp-block-themepark-block-themepark-xian theme_fang_out\" style=\"text-align:center;padding-top:50px;\"><div class=\"fangbox\" style=\"width:95px;\"><\/div><\/div>\n\n\n\n<h1 class=\"wp-block-heading has-text-align-center has-medium-font-size\" id=\"homemd3\" style=\"text-transform:uppercase\">6000\u33a1 Oficina de produ\u00e7\u00e3o moderna<\/h1>\n\n\n\n<div class=\"wp-block-themepark-block-themepark-xian theme_fang_out\" style=\"text-align:center;\"><div class=\"fangbox\" style=\"width:95px;height:11px;background-color:#0693e3;\"><\/div><\/div>\n\n\n\n<div class=\"wp-block-themepark-block-themepark-wright content-super-p\" style=\"font-size:17px;line-height:25px;padding:10px 0px;\">\n<div class=\"wp-block-column is-layout-flow wp-block-column-is-layout-flow\">\n<p class=\"has-text-align-center\">Sala limpa de classe 1.000 que permite a produ\u00e7\u00e3o de m\u00f3dulos laser e dispositivos m\u00e9dicos desde o prot\u00f3tipo at\u00e9 \u00e0 produ\u00e7\u00e3o em massa.<br>Produ\u00e7\u00e3o anual de m\u00f3dulos laser 220.000 unidades<br>\u25cf 8 linhas de produ\u00e7\u00e3o de equipamento m\u00e9dico<br>\u25cf 20 linhas de produ\u00e7\u00e3o de equipamento m\u00e9dico port\u00e1til<\/p>\n\n\n\n<p><\/p>\n\n\n\n<div class=\"wp-block-themepark-block-themepark-swiper post_gallery_out2  btnb yx undefined\" style=\"border-radius:20px;\" data-auto=\"3\" data-moshi=\"\"><div class=\"swiper-container post_gallery_nomral\"><div class=\"swiper-wrapper\"><div class=\"swiper-slide\" style=\"border-radius:20px;\"><img decoding=\"async\" class=\"swiper-lazy swiper-move-lazy\" src=\"https:\/\/fotonmedix.com\/wp-content\/uploads\/2025\/06\/p1.jpg\" data-src=\"https:\/\/fotonmedix.com\/wp-content\/uploads\/2025\/06\/p1.jpg\" alt=\"\u5173\u4e8e\u6211\u4eec\"\/><\/div><div class=\"swiper-slide\" style=\"border-radius:20px;\"><img decoding=\"async\" class=\"swiper-lazy swiper-move-lazy\" src=\"https:\/\/fotonmedix.com\/wp-content\/themes\/smartenterprise\/images\/loading8.png\" data-src=\"https:\/\/fotonmedix.com\/wp-content\/uploads\/2025\/06\/p2.jpg\" alt=\"\u5173\u4e8e\u6211\u4eec\"\/><\/div><div class=\"swiper-slide\" style=\"border-radius:20px;\"><img decoding=\"async\" class=\"swiper-lazy swiper-move-lazy\" src=\"https:\/\/fotonmedix.com\/wp-content\/themes\/smartenterprise\/images\/loading8.png\" data-src=\"https:\/\/fotonmedix.com\/wp-content\/uploads\/2025\/06\/p3.jpg\" alt=\"\u5173\u4e8e\u6211\u4eec\"\/><\/div><div class=\"swiper-slide\" style=\"border-radius:20px;\"><img decoding=\"async\" class=\"swiper-lazy swiper-move-lazy\" src=\"https:\/\/fotonmedix.com\/wp-content\/themes\/smartenterprise\/images\/loading8.png\" data-src=\"https:\/\/fotonmedix.com\/wp-content\/uploads\/2025\/06\/p4.jpg\" alt=\"\u5173\u4e8e\u6211\u4eec\"\/><\/div><\/div><a class=\"swiper-next\"><i class=\"fas fa-angle-right\"><\/i><\/a><a class=\"swiper-prev\"><i class=\"fas fa-angle-left\"><\/i><\/a><div class=\"pagination post_gallery_nomral_pagination\"><\/div><\/div><\/div>\n<\/div>\n<\/div>\n<\/div>\n<\/div>\n<\/div>\n<\/div><div class=\"layout_badh\"><div class=\"PcOnly themepark-block_layout_ba lazyload swiper-lazy\" style=\"background-repeat:no-repeat;background-size:cover;background-attachment:fixed;background-position:center;\" data-background=\"https:\/\/fotonmedix.com\/wp-content\/uploads\/2023\/10\/news.jpg\"><\/div><div class=\"MovePnly themepark-block_layout_ba lazyload swiper-move-lazy\" style=\"background-repeat:no-repeat;background-size:cover;background-attachment:fixed;background-position:center;\" data-background=\"https:\/\/fotonmedix.com\/wp-content\/uploads\/2023\/10\/news.jpg\"><\/div><\/div><\/section>","protected":false},"excerpt":{"rendered":"","protected":false},"author":1,"featured_media":0,"parent":0,"menu_order":3,"comment_status":"open","ping_status":"closed","template":"","meta":{"themepark_post_bcolor":"#f5f5f5","themepark_post_width":"100% dong","themepark_post_img":"","themepark_post_img_po":"left","themepark_post_img_re":false,"themepark_post_img_cover":false,"themepark_post_img_fixed":false,"themepark_post_hide_title":true,"themepark_post_main_b":"","themepark_post_main_p":100,"themepark_paddingblock":true,"footnotes":"","_wpscp_schedule_draft_date":"","_wpscp_schedule_republish_date":"","_wpscppro_advance_schedule":false,"_wpscppro_advance_schedule_date":"","_wpscppro_dont_share_socialmedia":false,"_wpscppro_custom_social_share_image":0,"_facebook_share_type":"","_twitter_share_type":"","_linkedin_share_type":"","_pinterest_share_type":"","_linkedin_share_type_page":"","_instagram_share_type":"","_medium_share_type":"","_threads_share_type":"","_google_business_share_type":"","_selected_social_profile":[],"_wpsp_enable_custom_social_template":false,"_wpsp_social_scheduling":{"enabled":false,"datetime":null,"platforms":[],"status":"template_only","dateOption":"today","timeOption":"now","customDays":"","customHours":"","customDate":"","customTime":"","schedulingType":"absolute"},"_wpsp_active_default_template":true},"class_list":["post-617","page","type-page","status-publish","hentry"],"aioseo_notices":[],"_links":{"self":[{"href":"https:\/\/fotonmedix.com\/pt\/wp-json\/wp\/v2\/pages\/617","targetHints":{"allow":["GET"]}}],"collection":[{"href":"https:\/\/fotonmedix.com\/pt\/wp-json\/wp\/v2\/pages"}],"about":[{"href":"https:\/\/fotonmedix.com\/pt\/wp-json\/wp\/v2\/types\/page"}],"author":[{"embeddable":true,"href":"https:\/\/fotonmedix.com\/pt\/wp-json\/wp\/v2\/users\/1"}],"replies":[{"embeddable":true,"href":"https:\/\/fotonmedix.com\/pt\/wp-json\/wp\/v2\/comments?post=617"}],"version-history":[{"count":44,"href":"https:\/\/fotonmedix.com\/pt\/wp-json\/wp\/v2\/pages\/617\/revisions"}],"predecessor-version":[{"id":8176,"href":"https:\/\/fotonmedix.com\/pt\/wp-json\/wp\/v2\/pages\/617\/revisions\/8176"}],"wp:attachment":[{"href":"https:\/\/fotonmedix.com\/pt\/wp-json\/wp\/v2\/media?parent=617"}],"curies":[{"name":"wp","href":"https:\/\/api.w.org\/{rel}","templated":true}]}}